{"id":91,"date":"2020-04-20T14:14:43","date_gmt":"2020-04-20T12:14:43","guid":{"rendered":"https:\/\/dieter-impekoven.de\/Sanitaer-Heizung-Klima\/?page_id=91"},"modified":"2020-08-25T18:35:59","modified_gmt":"2020-08-25T16:35:59","slug":"klima-herten","status":"publish","type":"page","link":"https:\/\/dieter-impekoven.de\/Sanitaer-Heizung-Klima\/klima-herten\/","title":{"rendered":"Klima"},"content":{"rendered":"<div data-label=\"Content\" data-id=\"content--1\" data-export-id=\"content-9\" data-category=\"content\" class=\"content-9 content-section content-section-spacing\" id=\"content-1\"  style=\"background-color: rgb(245, 250, 253);\"><div class=\"gridContainer\" > <div class=\"row text-center\" ><div class=\"section-title-col\" data-type=\"column\" > <h2 class=\"\" >Mit frischem Wind zum Wohlbefinden<\/h2> <p class=\"lead\" >Angenehme Luft und Klimaverh\u00e4ltnisse in Ihrem Wohnbereich sind die Grundlage f\u00fcr Gesundheit und ein gutes Lebensgef\u00fchl.<\/p><\/div> <\/div> <div class=\"row space-bottom text-center\" data-type=\"row\" > <div class=\"col-sm-4 col-padding-small\" > <i class=\"fa icon fa-gears bordered round color3\" ><\/i> <h4 class=\"\" >L\u00fcftungsanlagen<\/h4> <p class=\"\" >Wir liefern kontrollierte Be- und Entl\u00fcftungsanlagen, welche aus energiesparenden und effizienten Systemen bestehen.\n<br >Hier wird die L\u00fcftung automatisch reguliert, die verbrauchte Luft wird den R\u00e4umen entzogen und durch frische Luft ersetzt.<\/p><\/div> <div class=\"col-sm-4 col-padding-small\" ><i class=\"fa icon fa-bolt bordered round color3\" ><\/i> <h4 class=\"\" >Energiesparend<\/h4> <p class=\"\" >Die kalte Au\u00dfenluft wird in einem W\u00e4rmetauscher durch die warme Abluft erw\u00e4rmt. Dies entlastet die Raumheizung und f\u00fchrt zur Einsparung von Heizenergie.<\/p><\/div> <div class=\"col-sm-4 col-padding-small\" ><i class=\"fa icon fa-check bordered round color3\" ><\/i> <h4 class=\"\" >EneV-Konform und Hygenisch<\/h4> <p class=\"\" >Neue oder energetisch sanierte Geb\u00e4ude sind nahezu luftdicht. Die EnEV fordert, dass ein gewisser Mindestluftwechsel ohne Zutun der Bewohner eingehalten wird. Diese Vorgaben setzen moderne L\u00fcftungssysteme sicher, energieeffizient und bequem um. Sie sorgen f\u00fcr ein gesundes Raumklima und beugen damit Feuchte- oder Schimmelpilzsch\u00e4den vor.<\/p><\/div> <\/div> <div class=\"row center-xs middle-xs\" > <div class=\"col-sm-12\" data-type=\"column\" > <img decoding=\"async\" class=\"shadow-large\" src=\"https:\/\/dieter-impekoven.de\/Sanitaer-Heizung-Klima\/wp-content\/uploads\/2020\/08\/cropped-Wohnungslueftung-Systemhaus-130qm.jpg\" data-size=\"950x633\"  alt=\"\" title=\"cropped-Wohnungslueftung-Systemhaus-130qm.jpg\"> <h6 class=\"\" >Beispiel einer Wohnungsl\u00fcftung in einem 130m\u00b2 &#8211; Systemhaus<\/h6><\/div><\/div> <\/div><\/div>","protected":false},"excerpt":{"rendered":"<p>Mit frischem Wind zum Wohlbefinden Angenehme Luft und Klimaverh\u00e4ltnisse in Ihrem Wohnbereich sind die Grundlage f\u00fcr Gesundheit und ein gutes Lebensgef\u00fchl. L\u00fcftungsanlagen Wir liefern kontrollierte Be- und Entl\u00fcftungsanlagen, welche aus energiesparenden und effizienten Systemen bestehen. Hier wird die L\u00fcftung automatisch reguliert, die verbrauchte Luft wird den R\u00e4umen entzogen und durch frische Luft ersetzt. Energiesparend Die&hellip; <br \/> <a class=\"read-more\" href=\"https:\/\/dieter-impekoven.de\/Sanitaer-Heizung-Klima\/klima-herten\/\">Weiterlesen<\/a><\/p>\n","protected":false},"author":1,"featured_media":428,"parent":0,"menu_order":0,"comment_status":"closed","ping_status":"closed","template":"pro\/page-templates\/full-width-page.php","meta":{"footnotes":""},"class_list":["post-91","page","type-page","status-publish","has-post-thumbnail","hentry"],"_links":{"self":[{"href":"https:\/\/dieter-impekoven.de\/Sanitaer-Heizung-Klima\/wp-json\/wp\/v2\/pages\/91","targetHints":{"allow":["GET"]}}],"collection":[{"href":"https:\/\/dieter-impekoven.de\/Sanitaer-Heizung-Klima\/wp-json\/wp\/v2\/pages"}],"about":[{"href":"https:\/\/dieter-impekoven.de\/Sanitaer-Heizung-Klima\/wp-json\/wp\/v2\/types\/page"}],"author":[{"embeddable":true,"href":"https:\/\/dieter-impekoven.de\/Sanitaer-Heizung-Klima\/wp-json\/wp\/v2\/users\/1"}],"replies":[{"embeddable":true,"href":"https:\/\/dieter-impekoven.de\/Sanitaer-Heizung-Klima\/wp-json\/wp\/v2\/comments?post=91"}],"version-history":[{"count":4,"href":"https:\/\/dieter-impekoven.de\/Sanitaer-Heizung-Klima\/wp-json\/wp\/v2\/pages\/91\/revisions"}],"predecessor-version":[{"id":432,"href":"https:\/\/dieter-impekoven.de\/Sanitaer-Heizung-Klima\/wp-json\/wp\/v2\/pages\/91\/revisions\/432"}],"wp:featuredmedia":[{"embeddable":true,"href":"https:\/\/dieter-impekoven.de\/Sanitaer-Heizung-Klima\/wp-json\/wp\/v2\/media\/428"}],"wp:attachment":[{"href":"https:\/\/dieter-impekoven.de\/Sanitaer-Heizung-Klima\/wp-json\/wp\/v2\/media?parent=91"}],"curies":[{"name":"wp","href":"https:\/\/api.w.org\/{rel}","templated":true}]}}