{"id":89,"date":"2020-04-20T14:14:21","date_gmt":"2020-04-20T12:14:21","guid":{"rendered":"https:\/\/dieter-impekoven.de\/Sanitaer-Heizung-Klima\/?page_id=89"},"modified":"2024-08-14T16:27:48","modified_gmt":"2024-08-14T14:27:48","slug":"heizung-herten","status":"publish","type":"page","link":"https:\/\/dieter-impekoven.de\/Sanitaer-Heizung-Klima\/heizung-herten\/","title":{"rendered":"Heizung"},"content":{"rendered":"<div  data-label=\"Heizung\" data-id=\"content--1\" data-export-id=\"content-2\" data-category=\"content\" class=\"content-2 content-section content-section-spacing\" id=\"heizung\" style=\"background-color: rgb(245, 250, 253);\"><div > <div  class=\"row middle-xs\"><div  class=\"col-sm-5 bg-image shadow-large-black\" data-bg=\"image\" style=\"background-image: url(&quot;https:\/\/dieter-impekoven.de\/Sanitaer-Heizung-Klima\/wp-content\/uploads\/2020\/04\/cropped-headerwartung8-e1587825153475.png&quot;);\"><\/div> <div  class=\"col-sm-7 full-col-left-padding full-col-right-padding\"> <div  class=\"row\"> <div  data-type=\"column\" class=\"space-bottom-small content-title-col\"> <h5  class=\"\">Moderne W\u00e4rmetechnik f\u00fcr Ihr Zuhause.<\/h5> <h2  class=\"\">W\u00e4rme \u2013 eines unserer Elemente<\/h2> <p  class=\"\">Ob Altbau oder Neubau, wir bringen Ihnen <span  style=\"font-family: &quot;Open Sans&quot;, arial, helvetica, sans-serif; font-style: italic;\">effiziente<\/span> Heiztechnik in Ihr Eigenheim! <br >Mit der modernsten Heiztechnik, egal ob Brennwerttechnik f\u00fcr \u00d6l und Gas oder Heizungssysteme mit W\u00e4rmepumpen oder Holzpellet\u00f6fen bieten wir wirtschaftliche und zuverl\u00e4ssige Heiztechnik in verschiedenen Anwendungsbereichen.<\/p><\/div> <\/div> <div  class=\"row spaced-cols \" data-type=\"row\"> <div  class=\"col-xs-6\" data-type=\"column\"> <h5  class=\"\">Installation<\/h5> <p  class=\"\">Gerne beraten und installieren wir Ihnen effiziente und moderne Heiztechnik.\n<\/p><a class=\"button color6\" href=\"https:\/\/dieter-impekoven.de\/Sanitaer-Heizung-Klima\/mit-waermepumpentechnik-sicher-in-die-zukunft\" target=\"_self\" data-cp-link=\"1\" data-icon=\"fa-leaf\" rel=\"noopener noreferrer\"><span class=\"button-icon fa fa-leaf\" ><\/span>W\u00e4rmepumpentechnik<\/a><a class=\"button color6\" href=\"https:\/\/dieter-impekoven.de\/Sanitaer-Heizung-Klima\/brennwerttechnik\" target=\"_blank\" data-cp-link=\"1\" data-icon=\"fa-fire\" rel=\"noopener noreferrer\"><span  class=\"button-icon fa fa-fire\"><\/span>Brennwerttechnik<\/a><a class=\"button color6\" href=\"https:\/\/dieter-impekoven.de\/Sanitaer-Heizung-Klima\/fernwaermeanlagen\" target=\"_blank\" data-cp-link=\"1\" data-icon=\"fa-recycle\" rel=\"noopener noreferrer\"><span  class=\"button-icon fa fa-recycle\"><\/span>Fernw\u00e4rmeanlagen<\/a><a class=\"button color6\" href=\"https:\/\/dieter-impekoven.de\/Sanitaer-Heizung-Klima\/alternative-waermererzeuger\" target=\"_self\" data-cp-link=\"1\" data-icon=\"fa-code-fork\" rel=\"noopener noreferrer\"><span  class=\"button-icon fa fa-code-fork\"><\/span>Alternative W\u00e4rmeerzeuger<\/a><\/div> <div  class=\"col-xs-6\" data-type=\"column\"><h5  class=\"\">Instandhaltung<\/h5> <p  class=\"\">Sie haben ein Problem mit ihrer Heizung ? Wir haben mit Sicherheit eine fachgerechte und schnelle L\u00f6sung f\u00fcr Sie.<\/p><a class=\"button color6\" href=\"https:\/\/dieter-impekoven.de\/Sanitaer-Heizung-Klima\/#kontakt\" target=\"_self\" data-cp-link=\"1\" data-icon=\"fa-briefcase\" rel=\"noopener noreferrer\"><span  class=\"button-icon fa fa-briefcase\"><\/span>Zum Kontaktformular<\/a><\/div> <div  class=\"col-xs-6\" data-type=\"column\"><h5  class=\"\">Wartung<\/h5> <p  class=\"\">Eine regelm\u00e4\u00dfige Wartung ist die Grundlage f\u00fcr einen zuverl\u00e4ssigen Betrieb. Auch hier helfen wir gerne weiter.<\/p><a class=\"button color6\" href=\"https:\/\/dieter-impekoven.de\/Sanitaer-Heizung-Klima\/wartung\" target=\"_self\" data-cp-link=\"1\" data-icon=\"fa-cogs\" rel=\"noopener noreferrer\"><span  class=\"button-icon fa fa-cogs\"><\/span>Die Heizungswartung<\/a><\/div>  <\/div><\/div> <\/div><\/div> <\/div>","protected":false},"excerpt":{"rendered":"<p>Moderne W\u00e4rmetechnik f\u00fcr Ihr Zuhause. W\u00e4rme \u2013 eines unserer Elemente Ob Altbau oder Neubau, wir bringen Ihnen effiziente Heiztechnik in Ihr Eigenheim! Mit der modernsten Heiztechnik, egal ob Brennwerttechnik f\u00fcr \u00d6l und Gas oder Heizungssysteme mit W\u00e4rmepumpen oder Holzpellet\u00f6fen bieten wir wirtschaftliche und zuverl\u00e4ssige Heiztechnik in verschiedenen Anwendungsbereichen. Installation Gerne beraten und installieren wir Ihnen&hellip; <br \/> <a class=\"read-more\" href=\"https:\/\/dieter-impekoven.de\/Sanitaer-Heizung-Klima\/heizung-herten\/\">Weiterlesen<\/a><\/p>\n","protected":false},"author":1,"featured_media":257,"parent":0,"menu_order":0,"comment_status":"closed","ping_status":"closed","template":"pro\/page-templates\/full-width-page.php","meta":{"footnotes":""},"class_list":["post-89","page","type-page","status-publish","has-post-thumbnail","hentry"],"_links":{"self":[{"href":"https:\/\/dieter-impekoven.de\/Sanitaer-Heizung-Klima\/wp-json\/wp\/v2\/pages\/89","targetHints":{"allow":["GET"]}}],"collection":[{"href":"https:\/\/dieter-impekoven.de\/Sanitaer-Heizung-Klima\/wp-json\/wp\/v2\/pages"}],"about":[{"href":"https:\/\/dieter-impekoven.de\/Sanitaer-Heizung-Klima\/wp-json\/wp\/v2\/types\/page"}],"author":[{"embeddable":true,"href":"https:\/\/dieter-impekoven.de\/Sanitaer-Heizung-Klima\/wp-json\/wp\/v2\/users\/1"}],"replies":[{"embeddable":true,"href":"https:\/\/dieter-impekoven.de\/Sanitaer-Heizung-Klima\/wp-json\/wp\/v2\/comments?post=89"}],"version-history":[{"count":17,"href":"https:\/\/dieter-impekoven.de\/Sanitaer-Heizung-Klima\/wp-json\/wp\/v2\/pages\/89\/revisions"}],"predecessor-version":[{"id":1156,"href":"https:\/\/dieter-impekoven.de\/Sanitaer-Heizung-Klima\/wp-json\/wp\/v2\/pages\/89\/revisions\/1156"}],"wp:featuredmedia":[{"embeddable":true,"href":"https:\/\/dieter-impekoven.de\/Sanitaer-Heizung-Klima\/wp-json\/wp\/v2\/media\/257"}],"wp:attachment":[{"href":"https:\/\/dieter-impekoven.de\/Sanitaer-Heizung-Klima\/wp-json\/wp\/v2\/media?parent=89"}],"curies":[{"name":"wp","href":"https:\/\/api.w.org\/{rel}","templated":true}]}}