{"id":770,"date":"2021-07-29T15:41:10","date_gmt":"2021-07-29T13:41:10","guid":{"rendered":"https:\/\/dieter-impekoven.de\/Sanitaer-Heizung-Klima\/?page_id=770"},"modified":"2022-12-29T17:33:05","modified_gmt":"2022-12-29T16:33:05","slug":"smarteheizung","status":"publish","type":"page","link":"https:\/\/dieter-impekoven.de\/Sanitaer-Heizung-Klima\/smarteheizung\/","title":{"rendered":"Ihre smarte Heizung"},"content":{"rendered":"<div  data-label=\"EinfachSmartEnergiesparend\" data-id=\"features--1\" data-export-id=\"features-16\" data-category=\"features\" class=\"features-16 content-section content-section-spacing\" id=\"einfachsmartenergiesparend\" style=\"background-color: rgb(255, 255, 255); background-image: none;\"><div  class=\"gridContainer\"> <div  class=\"row text-center\"><div  class=\"section-title-col\" data-type=\"column\"> <h2  class=\"\">Einfach. Smart. Energiesparend.<\/h2> <p  class=\"lead\">In Zeiten des digitalen Wandels wird auch Ihre Heizungsanlage smart.<br >Egal ob Neuanlage oder Altbestand. Nahezu jede Heizunganlage kann heute intelligent vernetzt werden und somit neben dem Komfortzuwachs eine Energieeinsparung bewirken.&nbsp;<\/p><\/div> <\/div> <div  class=\"row spaced-cols\" data-type=\"row\"> <div  class=\"col-xs-12 col-sm-6 col-md-4 space-bottom\"> <img decoding=\"async\"  class=\"face\" src=\"https:\/\/dieter-impekoven.de\/Sanitaer-Heizung-Klima\/wp-content\/uploads\/2021\/07\/cropped-Basement_9000iWM.jpg\" title=\"cropped-Basement_9000iWM.jpg\" alt=\"\"> <div  data-type=\"column\" class=\"col-padding-small col-padding-small-xs description-container\"> <h4  class=\"font-500\">Smarte Neuanlage<\/h4> <p  class=\"\">Ihre neue, moderne Heizungsanlage kann direkt von Anfang an vernetzt werden. \n<br >Die Form des Energietr\u00e4gers spielt dabei eine untergeordnete Rolle. Sprechen Sie uns gerne beim Kauf Ihrer neuen Heizungsanlage auf das Thema an.<\/p> <\/div> <\/div> <div  class=\"col-xs-12 col-sm-6 col-md-4 space-bottom\"> <img decoding=\"async\"  class=\"face\" src=\"https:\/\/dieter-impekoven.de\/Sanitaer-Heizung-Klima\/wp-content\/uploads\/2021\/07\/cropped-smart-home-3653452_640.jpg\" title=\"cropped-smart-home-3653452_640.jpg\" alt=\"\"> <div  data-type=\"column\" class=\"col-padding-small col-padding-small-xs description-container\"> <h4  class=\"font-500\">Bestehende Heizungsanlage nachr\u00fcsten<\/h4> <p  class=\"\">Auch Ihre vorhandene Heizungsanlage kann von uns nachger\u00fcstet werden. Neben der Heizungsanlage selbst, kann auch das Heizsystem z.B mit Heizk\u00f6rpern oder Fu\u00dfbodenheizung intelligent gesteuert werden.<\/p> <\/div> <\/div> <div  class=\"col-xs-12 col-sm-6 col-md-4 space-bottom\"> <img decoding=\"async\"  class=\"face\" src=\"https:\/\/dieter-impekoven.de\/Sanitaer-Heizung-Klima\/wp-content\/uploads\/2021\/07\/cropped-smart-home-2769210_640.jpg\" title=\"cropped-smart-home-2769210_640.jpg\" alt=\"\"> <div  data-type=\"column\" class=\"col-padding-small col-padding-small-xs description-container\"> <h4  class=\"font-500\">Vernetzt mit dem Fachpartner<\/h4> <p  class=\"\">Ihre Bosch\/Junkers Heizungsanlage kann direkt mit uns \u00fcber Bosch HomeComPRO vernetzt werden. Damit k\u00f6nnen kleinere Nachbesserungen in der Steuerung oder sogar eine Fehlerdiagnose bereits aus der Ferne durchgef\u00fchrt und somit Zeit und Kosten gespart werden.<\/p> <\/div> <\/div><\/div> <\/div><\/div><div data-label=\"BoschSmartHome\" data-id=\"about--5\" data-export-id=\"about-4\" data-category=\"about\" class=\"about-4 content-section content-section-spacing\" id=\"boschsmarthome\"  style=\"background-color: rgb(249, 249, 249); background-image: none;\"><div class=\"gridContainer\" > <div class=\"row middle-sm text-center\" ><div class=\"col-sm-5 space-bottom-xs\" data-type=\"column\" > <h5 class=\"\" >Zuverl\u00e4ssig. Einfach. Energiesparend.<\/h5> <h2 class=\"\" >Das Bosch Smart Home System<\/h2> <p class=\"\" >Die smarte Zentrale von Bosch kann mithilfe von Thermostaten jeden Heizk\u00f6rper in das System einbinden. Auch die Einbindung einer Fu\u00dfbodenheizung ist problemlos m\u00f6glich.\n<br >Mit diesem System k\u00f6nnen Sie ganz einfach die Raumtemperatur \u00fcber Ihren smarten Sprachassistenten raumweise erfassen und regeln. Mithilfe von zahlreichen Addons k\u00f6nnen Sie das System m\u00fchelos zum Beispiel mit Fensterkontakten ausstatten um bei einer Fenster\u00f6ffnung automatisch die Heizung abzuschalten.\n<br >Gerne beraten und installieren wir Ihnen das Bosch Smart Home System auch in Ihrem Zuhause.<\/p> <a class=\"button color1\" href=\"https:\/\/www.bosch-smarthome.com\/de\/de\/smart-home-erklaert\" target=\"_blank\" data-cp-link=\"1\" data-icon=\"\" rel=\"noopener noreferrer\">Zur Boschwebsite: &#8222;Smart Home&#8220;<\/a><\/div> <div class=\"col-sm-7 flexbox center-xs middle-xs image-group-2-img\" > <img decoding=\"async\" class=\"img-1 shadow-large\" data-size=\"250x200\" src=\"https:\/\/dieter-impekoven.de\/Sanitaer-Heizung-Klima\/wp-content\/uploads\/2022\/12\/cropped-smarttablet.jpg\"  title=\"cropped-smarttablet.jpg\" alt=\"\"> <img decoding=\"async\" class=\"img-2 shadow-large\" data-size=\"220x170\" src=\"https:\/\/dieter-impekoven.de\/Sanitaer-Heizung-Klima\/wp-content\/uploads\/2022\/12\/cropped-starter_paket_heizung_stage_res_1280x720-1.jpg\"  title=\"cropped-starter_paket_heizung_stage_res_1280x720-1.jpg\" alt=\"\"><\/div> <\/div><\/div> <\/div><div  data-label=\"EasyControl CT200\" data-id=\"about--1\" data-export-id=\"about-10\" data-category=\"about\" class=\"about-10 content-section content-section-spacing\" id=\"easycontrol-ct200\" style=\"background-color: rgb(255, 255, 255); background-image: none;\"><div  class=\"gridContainer\"> <div  class=\"row middle-sm text-center\"><div  class=\"col-sm-5 space-bottom-xs content-column\" data-type=\"column\"> <h5  class=\"\">Der Allrounder f\u00fcr das Eigenheim.<\/h5> <h2  class=\"\">Bosch EasyControl CT200<\/h2> <p  class=\"\">Der EasyControl ist die Revolution der Heizungsregler. Keine komplexen Men\u00fcstrukturen oder komplizierten Werte mehr. Dieser Regler zeigt Ihnen genau das, was f\u00fcr sich wichtig ist.\n<br ><br >\nDer Anschluss des Reglers zur Heizungsanlage kann auf verschiedenen M\u00f6glichkeiten basieren. Eine vorhandene Leitung des Raumthermostats oder eine Funkverbindung zur neuen Boschanlage. Auch vorhandene Heizungsanlagen anderer Hersteller k\u00f6nnen mit dem CT200 verbunden werden. \n<br >Sprechen Sie uns einfach an.<br >\n<br >Zusammen mit der WLAN-Schnittstelle kann dieser Regler m\u00fchelos in Ihrer Wohnung installiert \u2013 und mit Ihrem Smartphone verbunden werden. Sofern Sie noch \u00fcber eine Sprachsteuerung wie z.B Amazon Echo verf\u00fcgen ist auch diese Vernetzung kein Problem dank IFTTT-Schnittstelle.<br ><br >Mit der Integrierten Anwesenheitserkennung erkennt der Regler wenn Sie zu Hause sind und passt die Heizung automatisch an.&nbsp;<br >\nIn Verbindung mit Heizk\u00f6rperthermostaten von Bosch k\u00f6nnen Sie sogar jeden Raum einzeln regeln.<br >So sparen Sie bis zu 25% Energie ein, ohne etwas daf\u00fcr tun zu m\u00fcssen.<\/p> <a class=\"button color1\" href=\"https:\/\/www.bosch-easycontrol.com\/de\/de\/easycontrol\/startseite\" target=\"_blank\" data-cp-link=\"1\" data-icon=\"\" rel=\"noopener noreferrer\">Zur Bosch EasyControl CT200 \u2013 Website<\/a><\/div> <div  class=\"col-sm-7 flexbox middle-xs center-xs space-bottom-xs\"><div  class=\"overlay-box middle-xs center-xs flexbox\"> <div  class=\"overlay-box-offset offset-border shadow-medium border-color1 hide-xs\"><\/div> <img decoding=\"async\"  class=\"shadow-large\" data-size=\"485x705\" src=\"https:\/\/dieter-impekoven.de\/Sanitaer-Heizung-Klima\/wp-content\/uploads\/2021\/07\/cropped-easy.jpg\" title=\"cropped-easy.jpg\" alt=\"\"><\/div> <\/div><\/div> <\/div><\/div><div  data-label=\"HomeCOMPro\" data-id=\"about--2\" data-export-id=\"about-image-text\" data-category=\"about\" class=\"about-image-text content-section content-section-spacing\" id=\"homecompro\" style=\"background-color: rgb(249, 249, 249); background-image: none;\"><div  class=\"gridContainer\"> <div  class=\"row\"><div  class=\"col-sm-6 flexbox-strech center-xs middle-xs no-gutter-col\"> <div  class=\"shadow-large overlap-right-large flexbox middle-xs center-xs left-img\" data-bg=\"image\" style=\"background-image: url(&quot;https:\/\/dieter-impekoven.de\/Sanitaer-Heizung-Klima\/wp-content\/uploads\/2021\/07\/cropped-bosch_homecom_condens9000i_w_ipad_blau_jpg-1.jpg&quot;);\"><\/div><\/div> <div  class=\"col-sm-6 space-bottom-xs col-padding-small-xs col-sm-padding-large bg-color5 white-text content-col\" data-type=\"column\"><h5  class=\"\">Unser Service f\u00fcr Sie.<\/h5> <h2  class=\"\">Vernetzen Sie Ihre Heizungsanlage mit uns.<\/h2> <p  class=\"\">Sie haben bereits eine smarte Bosch\/Junkers Heizungsanlage ? In Verbindung mit einem Wartungsvertrag bieten wir Ihnen den Aufschaltservice von Bosch HomeCom PRO an.&nbsp;\n<br ><br >Im St\u00f6rfall k\u00f6nnen wir Ihnen somit noch zielgerichteter und schneller helfen. Wir k\u00f6nnen auch Einstellungen f\u00fcr Sie aus der Ferne vornehmen, sofern Sie das w\u00fcnschen.&nbsp;<\/p><\/div> <\/div><\/div> <\/div><div  data-label=\"HomeCOMProimVideo\" data-id=\"about--4\" data-export-id=\"about-3\" data-category=\"about\" class=\"about-3 content-section content-section-spacing\" id=\"homecomproimvideo\" style=\"background-color: rgb(255, 255, 255); background-image: none;\"><div  class=\"gridContainer\"> <div  class=\"row\"><div  class=\"col-sm-6 col-padding-small-xs col-sm-padding-large bg-color5 white-text content-col\" data-type=\"column\"> <h5  class=\"\">Ihre Vorteile mit der HomeCom-Aufschaltung.<\/h5> <h2  class=\"\">Bosch HomeCom PRO im Video<\/h2> <p  class=\"\">Es ist Winter, die Heizung weist eine St\u00f6rung auf. Noch bevor Sie Ihren ausk\u00fchlenden Raum bemerken arbeiten wir f\u00fcr Sie schon an der L\u00f6sung. Auch gr\u00f6\u00dfere Anlagen in Mehrfamilienh\u00e4usern k\u00f6nnen von uns aus gesteuert werden.&nbsp;<br ><br >Sogar eine falsch get\u00e4tigte Einstellung kann von uns aus der Ferne mit Ihrer Zustimmung r\u00fcckg\u00e4ngig gemacht werden.&nbsp;\n<br >Sprechen Sie uns einfach an.<\/p><\/div> <div  class=\"col-sm-6 no-gutter-col flexbox-strech center-xs middle-xs\"><div  class=\"lightbox-video dark-overlay shadow-large overlap-x-large flexbox middle-xs center-xs\" data-type=\"group\" data-bg=\"image\" style=\"background-image: url(&quot;https:\/\/dieter-impekoven.de\/Sanitaer-Heizung-Klima\/wp-content\/uploads\/2022\/12\/cropped-homecomthumb.png&quot;);\"> <a  data-fancybox=\"\" data-video-lightbox=\"true\" href=\"https:\/\/www.youtube.com\/watch?v=aLyxKHA9Vs4\" class=\"\"> <i  data-cp-fa=\"true\" class=\"fa video-icon fa-play-circle-o color3\"><\/i><\/a> <\/div><\/div> <\/div><\/div> <\/div>","protected":false},"excerpt":{"rendered":"<p>Einfach. Smart. Energiesparend. In Zeiten des digitalen Wandels wird auch Ihre Heizungsanlage smart.Egal ob Neuanlage oder Altbestand. Nahezu jede Heizunganlage kann heute intelligent vernetzt werden und somit neben dem Komfortzuwachs eine Energieeinsparung bewirken.&nbsp; Smarte Neuanlage Ihre neue, moderne Heizungsanlage kann direkt von Anfang an vernetzt werden. Die Form des Energietr\u00e4gers spielt dabei eine untergeordnete Rolle.&hellip; <br \/> <a class=\"read-more\" href=\"https:\/\/dieter-impekoven.de\/Sanitaer-Heizung-Klima\/smarteheizung\/\">Weiterlesen<\/a><\/p>\n","protected":false},"author":1,"featured_media":915,"parent":0,"menu_order":0,"comment_status":"closed","ping_status":"closed","template":"pro\/page-templates\/full-width-page.php","meta":{"footnotes":""},"class_list":["post-770","page","type-page","status-publish","has-post-thumbnail","hentry"],"_links":{"self":[{"href":"https:\/\/dieter-impekoven.de\/Sanitaer-Heizung-Klima\/wp-json\/wp\/v2\/pages\/770","targetHints":{"allow":["GET"]}}],"collection":[{"href":"https:\/\/dieter-impekoven.de\/Sanitaer-Heizung-Klima\/wp-json\/wp\/v2\/pages"}],"about":[{"href":"https:\/\/dieter-impekoven.de\/Sanitaer-Heizung-Klima\/wp-json\/wp\/v2\/types\/page"}],"author":[{"embeddable":true,"href":"https:\/\/dieter-impekoven.de\/Sanitaer-Heizung-Klima\/wp-json\/wp\/v2\/users\/1"}],"replies":[{"embeddable":true,"href":"https:\/\/dieter-impekoven.de\/Sanitaer-Heizung-Klima\/wp-json\/wp\/v2\/comments?post=770"}],"version-history":[{"count":18,"href":"https:\/\/dieter-impekoven.de\/Sanitaer-Heizung-Klima\/wp-json\/wp\/v2\/pages\/770\/revisions"}],"predecessor-version":[{"id":994,"href":"https:\/\/dieter-impekoven.de\/Sanitaer-Heizung-Klima\/wp-json\/wp\/v2\/pages\/770\/revisions\/994"}],"wp:featuredmedia":[{"embeddable":true,"href":"https:\/\/dieter-impekoven.de\/Sanitaer-Heizung-Klima\/wp-json\/wp\/v2\/media\/915"}],"wp:attachment":[{"href":"https:\/\/dieter-impekoven.de\/Sanitaer-Heizung-Klima\/wp-json\/wp\/v2\/media?parent=770"}],"curies":[{"name":"wp","href":"https:\/\/api.w.org\/{rel}","templated":true}]}}