{"id":621,"date":"2020-09-02T17:21:09","date_gmt":"2020-09-02T15:21:09","guid":{"rendered":"https:\/\/dieter-impekoven.de\/Sanitaer-Heizung-Klima\/?page_id=621"},"modified":"2024-08-13T12:36:09","modified_gmt":"2024-08-13T10:36:09","slug":"brennwerttechnik","status":"publish","type":"page","link":"https:\/\/dieter-impekoven.de\/Sanitaer-Heizung-Klima\/brennwerttechnik\/","title":{"rendered":"Brennwerttechnik"},"content":{"rendered":"<div  data-label=\"Die Brennwerttechnik\" data-id=\"about--1\" data-export-id=\"about-4\" data-category=\"about\" class=\"about-4 content-section content-section-spacing\" id=\"die-brennwerttechnik\" style=\"background-color: rgb(245, 250, 253);\"><div  class=\"gridContainer\"> <div  class=\"row middle-sm text-center\"><div  class=\"col-sm-5 space-bottom-xs\" data-type=\"column\"> <h5  class=\"\">Wir bringen effiziente Heiztechnik in Ihr Eigenheim!<\/h5> <h2  class=\"\">Die Brennwerttechnik.<\/h2> <p  class=\"\" style=\"text-align: left;\">Bei der Brennwerttechnik wird, wie bei herk\u00f6mmlichen Heizsystemen, das Heizwasser durch die W\u00e4rme der Verbrennung erhitzt. Im Unterschied zu traditionellen Heizger\u00e4ten, bei denen die entstehenden Abgase ungenutzt durch den Schornstein entweichen, wird bei der Brennwerttechnik die W\u00e4rme des Abgases genutzt. \n<br >Diese Abgase bestehen gr\u00f6\u00dftenteils aus hei\u00dfem Wasserdampf, dessen W\u00e4rme zur zus\u00e4tzlichen Erw\u00e4rmung des Heizwassers verwendet wird. Dies gilt unabh\u00e4ngig davon, ob Sie Erdgas, Fl\u00fcssiggas oder Heiz\u00f6l als Brennstoff verwenden.<br >\nNutzen auch Sie die Vorteile der Brennwerttechnik und profitieren Sie von der effizienten Nutzung der Abw\u00e4rme. \n<br ><br >Lassen Sie sich von uns zu einer modernen Gas-Brennwertheizung beraten.<br >Kontaktieren Sie uns einfach \u2013 wir sind in Herten und Umgebung f\u00fcr Sie da.<\/p> <\/div> <div  class=\"col-sm-7 flexbox center-xs middle-xs image-group-2-img\"> <img  decoding=\"async\" class=\"img-1 shadow-large\" data-size=\"250x200\" src=\"https:\/\/dieter-impekoven.de\/Sanitaer-Heizung-Klima\/wp-content\/uploads\/2020\/09\/cropped-Kitchen_Condens_9000i_WM_2.jpg\" alt=\"\" title=\"cropped-Kitchen_Condens_9000i_WM_2.jpg\"> <img  decoding=\"async\" class=\"img-2 shadow-large\" data-size=\"220x170\" src=\"https:\/\/dieter-impekoven.de\/Sanitaer-Heizung-Klima\/wp-content\/uploads\/2020\/09\/cropped-unnamed-file.jpg\" alt=\"\" title=\"cropped-unnamed-file.jpg\"><\/div> <\/div><\/div> <\/div><div  data-label=\"GasBrennwerttechnik\" data-id=\"content--1\" data-export-id=\"content-6\" data-category=\"content\" class=\"content-6 content-section content-section-spacing\" id=\"gasbrennwerttechnik\" style=\"background-color: rgb(255, 255, 255);\"><div  class=\"gridContainer\"> <div  class=\"row text-center\"><div  class=\"section-title-col\" data-type=\"column\"> <h2  class=\"\">Gas \u2013 Brennwerttechnik<\/h2> <p  class=\"lead\">Eine Gasheizung ausgef\u00fchrt als Wandger\u00e4t oder Kessel sollte heute immer Brennwert sein.<\/p><\/div> <\/div> <div  class=\"row middle-sm\"> <div  class=\"col-sm-6\"> <div  class=\"row\"> <div  class=\"col-xs-12 space-bottom\" data-type=\"column\"> <h3  class=\"color2\">Gas ist nach wie vor der meistverwendete Energietr\u00e4ger f\u00fcr die Geb\u00e4udebeheizung in Deutschland.<\/h3> <p  class=\"\">Mit einem Gas-Brennwertkessel oder einem Gas-Brennwertger\u00e4t sind Sie heute auf dem Stand der fossilen Technik.<br >Die Gas-Brennwerttechnik hat einige Vorteile:<\/p><\/div> <div  data-type=\"row\" class=\"col-xs-12\"><div  class=\"row space-bottom force-align\"> <div  class=\"col-xs-12 col-sm-fit text-center\"><i  class=\"fa icon fa-euro big color2\"><\/i><\/div> <div  class=\"col-xs-12 col-sm\" data-type=\"column\"><h5  class=\"color1\"><span  style=\"color: rgb(107, 124, 147);\">Energieeinsparung<\/span><\/h5> <p  class=\"\">Je nach Projekt, Modell und Nutzung sind Energieeinsparungen von bis zu 30 Prozent m\u00f6glich. Eine F\u00f6rderm\u00f6glichkeit der Heizungsanlage ist nur noch in Verbindung mit regenerativer Energie m\u00f6glich.<\/p><\/div> <\/div> <div  class=\"row space-bottom force-align\"> <div  class=\"col-xs-12 col-sm-fit text-center\"> <i  class=\"fa icon fa-tree big color2\"><\/i><\/div> <div  class=\"col-xs-12 col-sm\" data-type=\"column\"><h5  class=\"color1\"><span  style=\"color: rgb(107, 124, 147);\">weniger Emissionen<\/span><\/h5> <p  class=\"\">Durch die Reduzierung des Gasverbrauchs senken Sie nicht nur Ihre Heizkosten, sondern tragen auch aktiv zur Verringerung von Schadstoffemissionen bei. Dies leistet einen wertvollen Beitrag zum Umweltschutz.<br >\nDar\u00fcber hinaus wird es voraussichtlich in Zukunft m\u00f6glich sein, Wasserstoff \u00fcber Erdgasleitungen zu beziehen. Viele Hersteller bereiten sich bereits darauf vor und zertifizieren ihre Ger\u00e4te entsprechend. So haben Sie die M\u00f6glichkeit, problemlos auf umweltfreundlicheren Wasserstoff umzustellen, wenn es soweit ist.<\/p><\/div> <\/div> <div  class=\"row space-bottom force-align\"> <div  class=\"col-xs-12 col-sm-fit text-center\"><i  class=\"fa icon fa-sun-o big color2\"><\/i><\/div> <div  class=\"col-xs-12 col-sm\" data-type=\"column\"><h5  class=\"color1\"><span  style=\"color: rgb(107, 124, 147);\">Kombination mit regenerativer Energie<\/span><\/h5> <p  class=\"\">Heute k\u00f6nnen Sie regenerative Energien ganz einfach in Modulbauweise mit einem Gas-Brennwertger\u00e4t kombinieren. Die Integration von Systemen wie einer Luft-W\u00e4rmepumpe oder Solarthermie kann sich f\u00fcr Sie finanziell lohnen! Dank moderner Regelungstechnik w\u00e4hlen Ihre Systeme automatisch die kosteng\u00fcnstigste Heizart basierend auf den aktuellen Versorgerpreisen. So genie\u00dfen Sie stets die effizienteste und wirtschaftlichste Heizl\u00f6sung.<\/p><\/div> <\/div><div  class=\"row space-bottom force-align\"> <div  class=\"col-xs-12 col-sm-fit text-center\"><i  class=\"fa icon fa-check big color2\"><\/i><\/div> <div  class=\"col-xs-12 col-sm\" data-type=\"column\"><h5  class=\"color1\"><font  color=\"#6b7c93\">Auch 2024 bleibt der Einbau erlaubt<\/font><\/h5> <p  class=\"\">Auch unter dem neuen Geb\u00e4udeenergiegesetz (GEG24) k\u00f6nnen Sie unter bestimmten Umst\u00e4nden weiterhin eine Gasheizung installieren. Wenn Sie jedoch 2024 ein neues Gasger\u00e4t einbauen, m\u00fcssen Sie beachten, dass Fristen eingehalten werden, nach denen auch Ihr Geb\u00e4ude anteilig mit erneuerbarer Energie beheizt werden muss. Kontaktieren Sie uns gerne f\u00fcr weitere Informationen und eine individuelle Beratung zu den aktuellen Regelungen.<\/p><\/div> <\/div><\/div> <\/div><\/div> <div  class=\"col-sm-6 flexbox around-xs top-xs space-bottom-xs\"><div  class=\"overlay-box flexbox middle-xs center-xs overlay-holder\"> <div  class=\"overlay-box-offset offset-border shadow-medium border-color2 hide-xs\"><\/div> <img  decoding=\"async\" class=\"flexbox shadow-large img1\" data-size=\"485x632\" src=\"https:\/\/dieter-impekoven.de\/Sanitaer-Heizung-Klima\/wp-content\/uploads\/2024\/01\/cropped-Pressebild-GC5800i-1.jpg\" alt=\"\" title=\"cropped-Pressebild-GC5800i-1.jpg\"><\/div> <\/div><\/div> <\/div><\/div><div  data-label=\"OelBrennwerttechnik\" data-id=\"content--2\" data-export-id=\"content-6-2\" data-category=\"content\" class=\"content-6-2 content-section content-section-spacing\" id=\"oelbrennwerttechnik\" style=\"background-color: rgb(245, 250, 253);\"><div  class=\"gridContainer\"> <div  class=\"row text-center\"><div  class=\"section-title-col\" data-type=\"column\"> <h2  class=\"\">\u00d6l \u2013 Brennwerttechnik<\/h2> <p  class=\"lead\">Auch \u00d6l-Brennwertkessel profitieren von der effizienten Heiztechnik.<\/p><\/div> <\/div> <div  class=\"row middle-sm\"> <div  class=\"col-sm-6 flexbox around-xs top-xs\"> <div  class=\"overlay-box flexbox middle-xs center-xs overlay-holder\"> <div  class=\"overlay-box-offset offset-border shadow-medium border-color2 hide-xs\"><\/div> <img  decoding=\"async\" class=\"flexbox shadow-large img1\" data-size=\"485x632\" src=\"https:\/\/dieter-impekoven.de\/Sanitaer-Heizung-Klima\/wp-content\/uploads\/2020\/09\/cropped-cat_Oel-Brennwertkessel.jpg\" alt=\"\" title=\"cropped-cat_Oel-Brennwertkessel.jpg\"><\/div> <\/div> <div  class=\"col-sm-6 space-top-xs\"> <div  class=\"row\"> <div  class=\"col-xs-12 space-bottom\" data-type=\"column\"> <h3  class=\"color2\">Durch biologische Brennstoffalternativen k\u00f6nnen auch Heiz\u00f6lanlagen eine Zukunft haben.<\/h3> <p  class=\"\">Als Eigent\u00fcmer einer \u00d6l-Brennwertheizung leisten Sie einen wertvollen Beitrag zur Ressourcenschonung. Der reduzierte Heiz\u00f6lverbrauch und die M\u00f6glichkeit, k\u00fcnftig auf alternative Brennstoffe wie Bioheiz\u00f6le umzusteigen, machen die Heiz\u00f6lkessel zu einer attraktiven Heizoption. So kombinieren Sie effiziente Heiztechnik mit umweltfreundlichen Perspektiven f\u00fcr die Zukunft.<\/p><\/div> <div  data-type=\"row\" class=\"col-xs-12\"><div  class=\"row space-bottom force-align\"> <div  class=\"col-xs-12 col-sm-fit text-center\"><i  class=\"fa icon fa-envira big color7\"><\/i><\/div> <div  class=\"col-xs-12 col-sm\" data-type=\"column\"><h5  class=\"color1\"><span  style=\"color: rgb(107, 124, 147);\">Ressourcenschonung<\/span><\/h5> <p  class=\"\">Indem ein \u00d6l-Brennwertkessel die Energiemenge des Brennstoffes fasst vollst\u00e4ndig nutzen kann, muss er weniger \u00d6l f\u00fcr die gleiche W\u00e4rmemenge verbrennen. Das spart Brennstoffkosten und Schadstoffe ein.<\/p><\/div> <\/div> <div  class=\"row space-bottom force-align\"> <div  class=\"col-xs-12 col-sm-fit text-center\"> <i  class=\"fa icon fa-compress big color7\"><\/i><\/div> <div  class=\"col-xs-12 col-sm\" data-type=\"column\"><h5  class=\"color1\"><span  style=\"color: rgb(107, 124, 147);\">Kombinationsvielfalt<\/span><\/h5> <p  class=\"\">Hybrid-Anlagen, wie die Kombination eines \u00d6l-Kessels mit einer W\u00e4rmepumpe oder Solaranlage, geh\u00f6ren zu den sogenannten \u201eUmweltheizungen\u201c. Sie bieten nicht nur erhebliche Einsparungen bei den Energiekosten, sondern reduzieren auch die Umweltbelastung erheblich. Dabei ist kein Umbau Ihres Geb\u00e4udes erforderlich, um von den Vorteilen der umweltfreundlichen Technologie zu profitieren.<\/p><\/div> <\/div> <div  class=\"row space-bottom force-align\"> <div  class=\"col-xs-12 col-sm-fit text-center\"> <i  class=\"fa icon fa-handshake-o big color7\"><\/i><\/div> <div  class=\"col-xs-12 col-sm\" data-type=\"column\"><h5  class=\"color1\"><span  style=\"color: rgb(107, 124, 147);\">F\u00f6rderm\u00f6glichkeiten &amp; Einbauverbot<\/span><\/h5> <p  class=\"\">Das Heizen mit \u00d6L wird auch in Verbindung mit regenerativer Energie <span  style=\"text-decoration: underline;\"><span  style=\"font-weight: 600;\">nicht<\/span><\/span> mehr gef\u00f6rdert. Auch der Einbau einer neuen \u00d6l-Brennwertheizung ist nach dem <span  style=\"text-decoration: underline;\">1.1.2026<\/span> nur noch in Verbindung mit regenerativer Technik m\u00f6glich.<\/p><\/div> <\/div><\/div> <\/div><\/div> <\/div><\/div> <\/div><div  data-label=\"Schongewusst\" data-id=\"cta--1\" data-export-id=\"cta-blue-section-mc\" data-category=\"cta\" class=\"cta-blue-section-mc content-section content-section-spacing white-text red_salvation\" id=\"schongewusst\"><div  class=\"gridContainer\"> <div  class=\"row middle-xs\"><div  class=\"col-sm-8 space-bottom-xs\" data-type=\"column\"> <h2  class=\"\"><span  style=\"font-weight: 700;\">Schon gewusst ?<\/span><span  id=\"_mce_caret\" data-mce-bogus=\"1\" data-mce-type=\"format-caret\"><span  style=\"font-weight: 700;\">\ufeff<\/span><\/span><\/h2> <h6  class=\"\">Mit einer W\u00e4rmepumpe k\u00f6nnen Sie heute auch in Bestandsgeb\u00e4uden klimaneutral und effizient heizen. Auch in Verbindung mit einem Brennwertger\u00e4t.\n<br ><br >Informieren Sie sich noch heute \u00fcber Ihr neues Heizsystem.<\/h6><\/div> <div  class=\"col-sm-4 end-sm\" data-type=\"column\"> <a class=\"button color7\" href=\"https:\/\/dieter-impekoven.de\/Sanitaer-Heizung-Klima\/mit-waermepumpentechnik-sicher-in-die-zukunft\" target=\"_self\" data-cp-link=\"1\" data-icon=\"\" rel=\"noopener noreferrer\">Zur W\u00e4rmepumpentechnik<\/a><\/div> <\/div><\/div> <\/div>","protected":false},"excerpt":{"rendered":"<p>Wir bringen effiziente Heiztechnik in Ihr Eigenheim! Die Brennwerttechnik. Bei der Brennwerttechnik wird, wie bei herk\u00f6mmlichen Heizsystemen, das Heizwasser durch die W\u00e4rme der Verbrennung erhitzt. Im Unterschied zu traditionellen Heizger\u00e4ten, bei denen die entstehenden Abgase ungenutzt durch den Schornstein entweichen, wird bei der Brennwerttechnik die W\u00e4rme des Abgases genutzt. Diese Abgase bestehen gr\u00f6\u00dftenteils aus hei\u00dfem&hellip; <br \/> <a class=\"read-more\" href=\"https:\/\/dieter-impekoven.de\/Sanitaer-Heizung-Klima\/brennwerttechnik\/\">Weiterlesen<\/a><\/p>\n","protected":false},"author":1,"featured_media":642,"parent":0,"menu_order":0,"comment_status":"closed","ping_status":"closed","template":"pro\/page-templates\/full-width-page.php","meta":{"footnotes":""},"class_list":["post-621","page","type-page","status-publish","has-post-thumbnail","hentry"],"_links":{"self":[{"href":"https:\/\/dieter-impekoven.de\/Sanitaer-Heizung-Klima\/wp-json\/wp\/v2\/pages\/621","targetHints":{"allow":["GET"]}}],"collection":[{"href":"https:\/\/dieter-impekoven.de\/Sanitaer-Heizung-Klima\/wp-json\/wp\/v2\/pages"}],"about":[{"href":"https:\/\/dieter-impekoven.de\/Sanitaer-Heizung-Klima\/wp-json\/wp\/v2\/types\/page"}],"author":[{"embeddable":true,"href":"https:\/\/dieter-impekoven.de\/Sanitaer-Heizung-Klima\/wp-json\/wp\/v2\/users\/1"}],"replies":[{"embeddable":true,"href":"https:\/\/dieter-impekoven.de\/Sanitaer-Heizung-Klima\/wp-json\/wp\/v2\/comments?post=621"}],"version-history":[{"count":24,"href":"https:\/\/dieter-impekoven.de\/Sanitaer-Heizung-Klima\/wp-json\/wp\/v2\/pages\/621\/revisions"}],"predecessor-version":[{"id":1134,"href":"https:\/\/dieter-impekoven.de\/Sanitaer-Heizung-Klima\/wp-json\/wp\/v2\/pages\/621\/revisions\/1134"}],"wp:featuredmedia":[{"embeddable":true,"href":"https:\/\/dieter-impekoven.de\/Sanitaer-Heizung-Klima\/wp-json\/wp\/v2\/media\/642"}],"wp:attachment":[{"href":"https:\/\/dieter-impekoven.de\/Sanitaer-Heizung-Klima\/wp-json\/wp\/v2\/media?parent=621"}],"curies":[{"name":"wp","href":"https:\/\/api.w.org\/{rel}","templated":true}]}}