{"id":592,"date":"2020-09-02T16:22:58","date_gmt":"2020-09-02T14:22:58","guid":{"rendered":"https:\/\/dieter-impekoven.de\/Sanitaer-Heizung-Klima\/?page_id=592"},"modified":"2024-08-13T12:39:58","modified_gmt":"2024-08-13T10:39:58","slug":"fernwaermeanlagen","status":"publish","type":"page","link":"https:\/\/dieter-impekoven.de\/Sanitaer-Heizung-Klima\/fernwaermeanlagen\/","title":{"rendered":"Fernw\u00e4rmeanlagen"},"content":{"rendered":"<div  data-label=\"Einfachkompromissloswaerme\" data-id=\"about--1\" data-export-id=\"about-1\" data-category=\"about\" class=\"about-1 content-section\" id=\"einfachkompromissloswaerme\" style=\"background-color: rgb(255, 255, 255);\"><div  class=\"gridContainer\"> <div  class=\"row text-center\"><div  class=\"section-title-col\" data-type=\"column\"> <h5  class=\"\">Die Fernw\u00e4rmeheizung<\/h5> <h2  class=\"\">Einfach. Kompromisslos. W\u00e4rme.<\/h2> <p  class=\"lead\">Ein warmes Haus w\u00fcnscht sich heute jeder. Eine der einfachsten M\u00f6glichkeiten, dies zu erreichen, ist der Fernw\u00e4rmeanschluss der Stadtwerke. Bei dieser Methode findet innerhalb Ihres Heizsystems keine Verbrennung statt, und es wird kein Schornstein ben\u00f6tigt.<\/p><\/div> <\/div> <div  class=\"row\"> <div  class=\"button-holder space-bottom space-bottom-small\" data-type=\"column\"> <\/div> <div  class=\"col-xs bottom-xs flexbox image-group-bottom-3-img space-bottom-xs center-xs\"> <img decoding=\"async\"  class=\"left-img shadow-large-black\" data-size=\"500x300\" src=\"https:\/\/dieter-impekoven.de\/Sanitaer-Heizung-Klima\/wp-content\/uploads\/2020\/09\/cropped-heizkoerper-scaled-1.jpg\" alt=\"\" title=\"cropped-heizkoerper-scaled-1.jpg\"> <img decoding=\"async\"  class=\"center-img shadow-large-black\" data-size=\"500x300\" src=\"https:\/\/dieter-impekoven.de\/Sanitaer-Heizung-Klima\/wp-content\/uploads\/2020\/09\/cropped-waerme-scaled-1.jpg\" alt=\"\" title=\"cropped-waerme-scaled-1.jpg\"> <img decoding=\"async\"  class=\"right-img shadow-large-black\" data-size=\"500x300\" src=\"https:\/\/dieter-impekoven.de\/Sanitaer-Heizung-Klima\/wp-content\/uploads\/2020\/09\/cropped-haus-scaled-1.jpg\" alt=\"\" title=\"cropped-haus-scaled-1.jpg\"><\/div> <\/div><\/div> <\/div><div  data-label=\"Hausanschlusspflicht\" data-id=\"content--1\" data-export-id=\"content-7-mc\" data-category=\"content\" class=\"content-7-mc content-section content-section-spacing\" id=\"hausanschlusspflicht\" style=\"background-color: rgb(245, 250, 253);\"><div  class=\"gridContainer\"> <div  class=\"row middle-sm\"><div  class=\"col-sm-6 space-bottom-xs\" data-type=\"column\"> <h2  class=\"\">Ein Hausanschluss ist Pflicht.<\/h2> <p  class=\"\">Die einzige Voraussetzung f\u00fcr die Nutzung von Fernw\u00e4rme ist der Anschluss Ihres Hauses an das Fernw\u00e4rmenetz der Stadtwerke. Die W\u00e4rme kommt bereits fertig aufbereitet direkt zu Ihnen nach Hause. \u00dcber einen W\u00e4rmetauscher wird diese W\u00e4rme auf Ihr internes Heizsystem \u00fcbertragen.\n<br ><br >\nWie bei herk\u00f6mmlichen Gas- oder \u00d6l-Heizsystemen regeln auch bei der Fernw\u00e4rme Umw\u00e4lzpumpen und eine witterungsgef\u00fchrte Regelung die Temperatur und Effizienz in Ihrem Geb\u00e4ude.\n<br ><br >\nDie Komponenten der Fernheizung sind \u00fcbersichtlich in einer Fernw\u00e4rmestation, auch als \u201eKompaktstation\u201c oder \u201e\u00dcbergabestation\u201c bekannt, zusammengefasst. So genie\u00dfen Sie einen einfachen, effizienten und wartungsarmen Heizkomfort.<\/p> <\/div> <div  class=\"col-sm-6\" data-type=\"column\"> <img decoding=\"async\"  class=\"shadow-large\" src=\"https:\/\/dieter-impekoven.de\/Sanitaer-Heizung-Klima\/wp-content\/uploads\/2020\/09\/cropped-start-igel-nah-fern-eigenheim-small.jpg\" alt=\"\" title=\"cropped-start-igel-nah-fern-eigenheim-small.jpg\"><h6  class=\"\">&nbsp;Beispielbild einer ewers-Kompaktstation<\/h6><\/div> <\/div><\/div> <\/div><div  data-label=\"Heizsystemistfastegal\" data-id=\"content--3\" data-export-id=\"content-15\" data-category=\"content\" class=\"content-15 content-section content-section-spacing\" id=\"heizsystemistfastegal\" style=\"background-color: rgb(255, 255, 255); background-image: none;\"><div  class=\"gridContainer\"> <div  class=\"row middle-sm\"><div  class=\"col-sm-6 flexbox around-xs top-xs space-bottom-xs space-top-xs\"> <div  class=\"overlay-box flexbox middle-xs center-xs overlay-holder\"><div  class=\"overlay-box-offset offset-border shadow-medium border-color2 hide-xs\"><\/div> <img decoding=\"async\"  class=\"flexbox shadow-large img1\" data-size=\"500x500\" src=\"https:\/\/dieter-impekoven.de\/Sanitaer-Heizung-Klima\/wp-content\/uploads\/2020\/09\/cropped-heizkoerper-scaled-2.jpg\" alt=\"\" title=\"cropped-heizkoerper-scaled-2.jpg\"><\/div> <\/div> <div  class=\"col-sm-6\" data-type=\"column\"> <h2  class=\"\">Das Heizsystem spielt keine Rolle.<\/h2> <p  class=\"\">Unabh\u00e4ngig davon, ob Sie Heizk\u00f6rper, Fu\u00dfbodenheizung oder eine Warmwasserbereitung nutzen \u2013 mit einer Fernw\u00e4rmestation sind Sie bestens ger\u00fcstet.<br >\nErkundigen Sie sich noch heute bei Ihrem \u00f6rtlichen Versorger nach einem Fernw\u00e4rmehausanschluss. \n<br ><br >Gerne \u00fcbernehmen wir die fachgerechte Installation Ihrer Fernw\u00e4rmeanlage, damit Sie sich rundum wohlf\u00fchlen k\u00f6nnen. \n<br >Sprechen Sie uns einfach an.<\/p> <\/div> <\/div><\/div> <\/div><div  data-label=\"FernwaermewartungHerten\" data-id=\"content--5\" data-export-id=\"content-5\" data-category=\"content\" class=\"content-5 content-section content-section-spacing\" id=\"fernwaermewartungherten\" style=\"background-color: rgb(245, 250, 253); background-image: none;\"><div  class=\"gridContainer\"> <div  class=\"row text-center\"><div  class=\"section-title-col\" data-type=\"column\"> <h2  class=\"\">Eine Wartung ist empfohlen.<\/h2> <p  class=\"lead\">Auch, wenn die Fernheizung keine eigene Verbrennung durchf\u00fchrt und somit eine aufw\u00e4ndige Reinigung wegf\u00e4llt, m\u00fcssen trotzdem einige Komponenten \u00fcberpr\u00fcft werden.<\/p><\/div> <\/div> <div  class=\"row middle-sm\"> <div  class=\"col-sm-6 space-bottom-xs\"> <div  class=\"row space-bottom content-holder\" data-type=\"column\"> <h3  class=\"color2\">Sicherheitseinrichtungen sind wartungspflichtig.<\/h3> <p  class=\"\">Bei den Wartungsarbeiten wird Ihre Fernw\u00e4rmestation technisch durch unsere geschulten Kundendienstmitarbeiter \u00fcberpr\u00fcft:<\/p><\/div> <div  class=\"row space-bottom\" data-type=\"row\"><div  class=\"col-sm-6 space-bottom\"> <i  class=\"fa icon medium fa-slack color2\"><\/i> <h5  class=\"\">Schmutzf\u00e4nger<\/h5> <p  class=\"\">Die Schmutzf\u00e4nger vor dem W\u00e4rmetauscher, sowie vor dem W\u00e4rmemengenz\u00e4hler fangen Partikel aus den Leitungen auf und m\u00fcssen regelm\u00e4\u00dfig \u00fcberpr\u00fcft und gereinigt werden.<\/p><\/div> <div  class=\"col-sm-6\"><i  class=\"fa icon medium fa-adjust color2\"><\/i> <h5  class=\"\">Ausdehnungsgef\u00e4\u00df<\/h5> <p  class=\"\">Der Vordruck im Ausdehnungsgef\u00e4\u00df ist ausschlagebend f\u00fcr die Anlagenhydraulik. Ist dieser nicht richtig eingestellt treten Druckschwankungen auf. Durch Sauerstoffeintrag kann hierbei Korrosion und Schlammbildung entstehen.\n<\/p><\/div> <div  class=\"col-sm-6 space-bottom\"><i  class=\"fa icon medium fa-compress color2\"><\/i> <h5  class=\"\">Sicherheitseinrichtungen<\/h5> <p  class=\"\">Temperaturbegrenzer, Sicherheitsventile und Temperaturf\u00fchler m\u00fcssen regelm\u00e4\u00dfig auf Ihre Funktion \u00fcberpr\u00fcft werden.<\/p><\/div> <div  class=\"col-sm-6\"><i  class=\"fa icon medium fa-database color2\"><\/i>  <h5  class=\"\">Warmwasserspeicher<\/h5><p  class=\"\">Bei der Wartung der Fernheizung wird auch der Warmwasserspeicher \u00fcberpr\u00fcft. Wichtig dabei ist, die Schutzanode auf Verschleiss zu pr\u00fcfen um Korrosion im Speicher zu vermeiden.<\/p><\/div> <\/div><\/div> <div  class=\"col-sm-6 flexbox around-xs top-xs space-bottom-xs\"><div  class=\"overlay-box flexbox middle-xs center-xs overlay-holder\"> <div  class=\"overlay-box-offset offset-background shadow-medium bg-color2 hide-xs\"><\/div> <img decoding=\"async\"  class=\"flexbox shadow-large img1\" data-size=\"485x632\" src=\"https:\/\/dieter-impekoven.de\/Sanitaer-Heizung-Klima\/wp-content\/uploads\/2020\/09\/cropped-wartung-scaled-1.jpg\" alt=\"\" title=\"cropped-wartung-scaled-1.jpg\"><\/div> <\/div><\/div> <\/div><\/div><div  data-label=\"ewers Kompaktstation\" data-id=\"content--6\" data-export-id=\"content-9\" data-category=\"content\" class=\"content-9 content-section content-section-spacing\" id=\"ewers-kompaktstation\" style=\"background-color: rgb(245, 250, 253); background-image: none;\"><div  class=\"gridContainer\"> <div  class=\"row text-center\"><div  class=\"section-title-col\" data-type=\"column\">  <p  class=\"lead\"><span  style=\"font-weight: 400;\"><span  style=\"font-style: italic;\">Bei Fernw\u00e4rmekompaktstationen handelt es sich eben auch um technische Anlagen, die instand gehalten werden m\u00fcssen.&nbsp; Grade um einen zuverl\u00e4ssigen Betrieb zu gew\u00e4hrleisten ist dies empfohlen.<\/span><\/span><\/p><\/div> <\/div> <div  class=\"row space-bottom text-center\" data-type=\"row\">   <div  class=\"col-sm-4 col-padding-small\">  <\/div> <\/div> <div  class=\"row center-xs middle-xs\"> <div  class=\"col-sm-12\" data-type=\"column\"> <img decoding=\"async\"  class=\"shadow-large\" src=\"https:\/\/dieter-impekoven.de\/Sanitaer-Heizung-Klima\/wp-content\/uploads\/2020\/09\/cropped-systemr.jpg\" data-size=\"950x633\" alt=\"\" title=\"cropped-systemr.jpg\"> <h6  class=\"\">Beispielbild einer ewers Fernw\u00e4rmekompaktstation.<\/h6><a class=\"button color7\" href=\"https:\/\/ewers.de\/produkte\/waermeuebergabestation\" target=\"_blank\" data-cp-link=\"1\" data-icon=\"\" rel=\"noopener noreferrer\">Zur Ewers Website<\/a><\/div><\/div> <\/div><\/div><div  data-label=\"Woher kommt die Fernwaerme in Herten\" data-id=\"content--7\" data-export-id=\"content-11\" data-category=\"content\" class=\"content-11 content-section content-section-spacing\" id=\"woher-kommt-die-fernwaerme-in-herten\" style=\"background-color: rgb(255, 255, 255);\"><div  class=\"gridContainer\"> <div  class=\"row text-center\"><div  class=\"section-title-col\" data-type=\"column\"> <h2  class=\"\">Woher kommt die Fernw\u00e4rme ?<\/h2> <p  class=\"lead\">Der Gro\u00dfteil der Fernw\u00e4rme kommt heute aus Kraftwerken, die \u00fcber eine \u201cKraft-W\u00e4rme-Kopplung\u201d verf\u00fcgen. Sie sind nicht nur zur Stromerzeugung, sondern auch f\u00fcr die Versorgung Ihres Geb\u00e4udes mit W\u00e4rme da.<\/p><h6  class=\"\">Im Video:&nbsp;So kommt die Fernw\u00e4rme ins Haus.<br >Quelle: AGFW<\/h6><\/div> <\/div> <div  class=\"row center-xs middle-xs\"> <div  class=\"col-sm-9\"> <div  class=\"lightbox-video lightbox-video-tall dark-overlay shadow-large flexbox middle-xs center-xs\" data-type=\"group\" data-bg=\"image\" style=\"background-image: url(&quot;https:\/\/dieter-impekoven.de\/Sanitaer-Heizung-Klima\/wp-content\/uploads\/2020\/09\/cropped-reininshaus.jpg&quot;);\"> <a  data-fancybox=\"\" data-video-lightbox=\"true\" href=\"https:\/\/www.youtube.com\/watch?v=bcw3z-Q9qR4\" class=\"\"> <i  data-cp-fa=\"true\" class=\"fa video-icon fa-play-circle-o color7\"><\/i><\/a> <\/div><\/div> <\/div><\/div> <\/div>","protected":false},"excerpt":{"rendered":"<p>Die Fernw\u00e4rmeheizung Einfach. Kompromisslos. W\u00e4rme. Ein warmes Haus w\u00fcnscht sich heute jeder. Eine der einfachsten M\u00f6glichkeiten, dies zu erreichen, ist der Fernw\u00e4rmeanschluss der Stadtwerke. Bei dieser Methode findet innerhalb Ihres Heizsystems keine Verbrennung statt, und es wird kein Schornstein ben\u00f6tigt. Ein Hausanschluss ist Pflicht. Die einzige Voraussetzung f\u00fcr die Nutzung von Fernw\u00e4rme ist der Anschluss&hellip; <br \/> <a class=\"read-more\" href=\"https:\/\/dieter-impekoven.de\/Sanitaer-Heizung-Klima\/fernwaermeanlagen\/\">Weiterlesen<\/a><\/p>\n","protected":false},"author":1,"featured_media":620,"parent":0,"menu_order":0,"comment_status":"closed","ping_status":"closed","template":"pro\/page-templates\/full-width-page.php","meta":{"footnotes":""},"class_list":["post-592","page","type-page","status-publish","has-post-thumbnail","hentry"],"_links":{"self":[{"href":"https:\/\/dieter-impekoven.de\/Sanitaer-Heizung-Klima\/wp-json\/wp\/v2\/pages\/592","targetHints":{"allow":["GET"]}}],"collection":[{"href":"https:\/\/dieter-impekoven.de\/Sanitaer-Heizung-Klima\/wp-json\/wp\/v2\/pages"}],"about":[{"href":"https:\/\/dieter-impekoven.de\/Sanitaer-Heizung-Klima\/wp-json\/wp\/v2\/types\/page"}],"author":[{"embeddable":true,"href":"https:\/\/dieter-impekoven.de\/Sanitaer-Heizung-Klima\/wp-json\/wp\/v2\/users\/1"}],"replies":[{"embeddable":true,"href":"https:\/\/dieter-impekoven.de\/Sanitaer-Heizung-Klima\/wp-json\/wp\/v2\/comments?post=592"}],"version-history":[{"count":12,"href":"https:\/\/dieter-impekoven.de\/Sanitaer-Heizung-Klima\/wp-json\/wp\/v2\/pages\/592\/revisions"}],"predecessor-version":[{"id":1136,"href":"https:\/\/dieter-impekoven.de\/Sanitaer-Heizung-Klima\/wp-json\/wp\/v2\/pages\/592\/revisions\/1136"}],"wp:featuredmedia":[{"embeddable":true,"href":"https:\/\/dieter-impekoven.de\/Sanitaer-Heizung-Klima\/wp-json\/wp\/v2\/media\/620"}],"wp:attachment":[{"href":"https:\/\/dieter-impekoven.de\/Sanitaer-Heizung-Klima\/wp-json\/wp\/v2\/media?parent=592"}],"curies":[{"name":"wp","href":"https:\/\/api.w.org\/{rel}","templated":true}]}}