{"id":2,"date":"2020-04-16T18:01:51","date_gmt":"2020-04-16T16:01:51","guid":{"rendered":"https:\/\/dieter-impekoven.de\/Sanitaer-Heizung-Klima\/?page_id=2"},"modified":"2020-08-25T18:46:07","modified_gmt":"2020-08-25T16:46:07","slug":"sanitaer-herten","status":"publish","type":"page","link":"https:\/\/dieter-impekoven.de\/Sanitaer-Heizung-Klima\/sanitaer-herten\/","title":{"rendered":"Sanit\u00e4r"},"content":{"rendered":"<div data-label=\"Sanitaerherten\" data-id=\"about--1\" data-export-id=\"about-6\" data-category=\"about\" class=\"about-6 content-section content-section-spacing\" id=\"sanitaerherten\"  style=\"background-color: rgb(245, 250, 253);\"><div class=\"gridContainer\" > <div class=\"row middle-sm text-center\" ><div class=\"col-sm-6 space-bottom-xs\" data-type=\"column\" > <h5 class=\"\" >Wir bieten alles aus einer Hand!<\/h5> <h2 class=\"\" >Sie m\u00f6chten Ihr Bad sanieren, reparieren oder neu errichten ?<\/h2> <p class=\"\"  style=\"text-align: left;\">Dann sind Sie bei uns genau richtig, wir bieten alle Leistungen mit unseren Partnerfirmen aus einer Hand an.\n\n<br ><br >Von der Planung und Gestaltung des neuen Bades, \u00fcber die Demontage und der Errichtung, bis zur sauberen \u00dcbergabe ihres neuen Traumbades stehen wir Ihnen gerne zur Verf\u00fcgung.\n<br ><br ><br >\nGerne beraten wir Sie auch rund um die Errichtung von barrierefreien B\u00e4dern und L\u00f6sungen f\u00fcr Kleinb\u00e4der.<\/p> <a class=\"button color7\" href=\"https:\/\/dieter-impekoven.de\/Sanitaer-Heizung-Klima\/ihr-neues-badezimmer\" target=\"_self\" data-cp-link=\"1\" data-icon=\"fa-info\" rel=\"noopener noreferrer\">Mehr erfahren<\/a><\/div> <div class=\"col-sm-6 image-group-right-3 space-bottom-xs\" ><div class=\"top-media\" > <img decoding=\"async\" class=\"shadow-large\" data-size=\"350x250\" src=\"https:\/\/dieter-impekoven.de\/Sanitaer-Heizung-Klima\/wp-content\/uploads\/2020\/08\/cropped-water-2825771-scaled-1.jpg\"  alt=\"\" title=\"cropped-water-2825771-scaled-1.jpg\"><\/div> <div class=\"bottom-media\" > <img decoding=\"async\" class=\"shadow-large\" data-size=\"350x250\" src=\"https:\/\/dieter-impekoven.de\/Sanitaer-Heizung-Klima\/wp-content\/uploads\/2020\/04\/cropped-rain-863339_1920.jpg\"  alt=\"\" title=\"cropped-rain-863339_1920.jpg\"><\/div> <div class=\"left-media\" > <img decoding=\"async\" class=\"shadow-large\" data-size=\"350x400\" src=\"https:\/\/dieter-impekoven.de\/Sanitaer-Heizung-Klima\/wp-content\/uploads\/2020\/04\/cropped-lavender-3066531_1920.jpg\"  alt=\"\" title=\"cropped-lavender-3066531_1920.jpg\"> <div class=\"offset-double-border-overlay\" > <div class=\"border-1 shadow-small\" ><\/div> <div class=\"border-2\" ><\/div><\/div> <\/div><\/div> <\/div><\/div> <\/div>","protected":false},"excerpt":{"rendered":"<p>Wir bieten alles aus einer Hand! Sie m\u00f6chten Ihr Bad sanieren, reparieren oder neu errichten ? Dann sind Sie bei uns genau richtig, wir bieten alle Leistungen mit unseren Partnerfirmen aus einer Hand an. Von der Planung und Gestaltung des neuen Bades, \u00fcber die Demontage und der Errichtung, bis zur sauberen \u00dcbergabe ihres neuen Traumbades&hellip; <br \/> <a class=\"read-more\" href=\"https:\/\/dieter-impekoven.de\/Sanitaer-Heizung-Klima\/sanitaer-herten\/\">Weiterlesen<\/a><\/p>\n","protected":false},"author":1,"featured_media":434,"parent":0,"menu_order":0,"comment_status":"closed","ping_status":"open","template":"pro\/page-templates\/full-width-page.php","meta":{"footnotes":""},"class_list":["post-2","page","type-page","status-publish","has-post-thumbnail","hentry"],"_links":{"self":[{"href":"https:\/\/dieter-impekoven.de\/Sanitaer-Heizung-Klima\/wp-json\/wp\/v2\/pages\/2","targetHints":{"allow":["GET"]}}],"collection":[{"href":"https:\/\/dieter-impekoven.de\/Sanitaer-Heizung-Klima\/wp-json\/wp\/v2\/pages"}],"about":[{"href":"https:\/\/dieter-impekoven.de\/Sanitaer-Heizung-Klima\/wp-json\/wp\/v2\/types\/page"}],"author":[{"embeddable":true,"href":"https:\/\/dieter-impekoven.de\/Sanitaer-Heizung-Klima\/wp-json\/wp\/v2\/users\/1"}],"replies":[{"embeddable":true,"href":"https:\/\/dieter-impekoven.de\/Sanitaer-Heizung-Klima\/wp-json\/wp\/v2\/comments?post=2"}],"version-history":[{"count":4,"href":"https:\/\/dieter-impekoven.de\/Sanitaer-Heizung-Klima\/wp-json\/wp\/v2\/pages\/2\/revisions"}],"predecessor-version":[{"id":444,"href":"https:\/\/dieter-impekoven.de\/Sanitaer-Heizung-Klima\/wp-json\/wp\/v2\/pages\/2\/revisions\/444"}],"wp:featuredmedia":[{"embeddable":true,"href":"https:\/\/dieter-impekoven.de\/Sanitaer-Heizung-Klima\/wp-json\/wp\/v2\/media\/434"}],"wp:attachment":[{"href":"https:\/\/dieter-impekoven.de\/Sanitaer-Heizung-Klima\/wp-json\/wp\/v2\/media?parent=2"}],"curies":[{"name":"wp","href":"https:\/\/api.w.org\/{rel}","templated":true}]}}