{"id":181,"date":"2020-04-20T18:18:57","date_gmt":"2020-04-20T16:18:57","guid":{"rendered":"https:\/\/dieter-impekoven.de\/Sanitaer-Heizung-Klima\/?page_id=181"},"modified":"2020-09-02T10:34:15","modified_gmt":"2020-09-02T08:34:15","slug":"wartung-2","status":"publish","type":"page","link":"https:\/\/dieter-impekoven.de\/Sanitaer-Heizung-Klima\/wartung-2\/","title":{"rendered":"Wartung &#038; Instandhaltung"},"content":{"rendered":"<div  data-label=\"Content\" data-id=\"content--1\" data-export-id=\"content-6-2\" data-category=\"content\" class=\"content-6-2 content-section content-section-spacing\" id=\"content-1\" style=\"background-color: rgb(245, 250, 253);\"><div  class=\"gridContainer\"> <div  class=\"row text-center\"><div  class=\"section-title-col\" data-type=\"column\"> <h2  class=\"\">Trinkwasser ist heute das Lebensmittel No.1<\/h2> <p  class=\"lead\">Grade aus diesem Grund ist eine funktionierende, hygienisch einwandfreie Wasserinstallation wichtig.<\/p><\/div> <\/div> <div  class=\"row middle-sm\"> <div  class=\"col-sm-6 flexbox around-xs top-xs\"> <div  class=\"overlay-box flexbox middle-xs center-xs overlay-holder\"> <div  class=\"overlay-box-offset offset-border shadow-medium border-color2 hide-xs\"><\/div> <img decoding=\"async\"  class=\"flexbox shadow-large img1\" data-size=\"485x632\" src=\"https:\/\/dieter-impekoven.de\/Sanitaer-Heizung-Klima\/wp-content\/uploads\/2020\/08\/cropped-plumber-2788329-scaled-1.jpg\" alt=\"\" title=\"cropped-plumber-2788329-scaled-1.jpg\"><\/div> <\/div> <div  class=\"col-sm-6 space-top-xs\"> <div  class=\"row\"> <div  class=\"col-xs-12 space-bottom\" data-type=\"column\"> <h3  class=\"color2\"><span  style=\"color: rgb(255, 0, 68);\">Ihr Wasser ist uns wichtig.<\/span><\/h3> <p  class=\"\">In der Wasserhausinstallation gibt es einige Komponenten die einer \u00dcberpr\u00fcfung bed\u00fcrfen. Angefangen am Wasser-Hausanschluss bishin zum Abwasseranschluss bieten wir Ihnen ein Rundum \u2013 Sorglospaket an. Hier eine kleine Auswahl wichtiger Komponenten:<\/p><\/div> <div  data-type=\"row\" class=\"col-xs-12\"><div  class=\"row space-bottom force-align\"> <div  class=\"col-xs-12 col-sm-fit text-center\"><i  class=\"fa icon fa-filter big color7\"><\/i><\/div> <div  class=\"col-xs-12 col-sm\" data-type=\"column\"><h5  class=\"color1\"><span  style=\"color: rgb(255, 0, 68);\">Wasserfilter<\/span><\/h5> <p  class=\"\">Es ist sinnvoll am Anfang einer Trinkwasserinstallation einen Filter vorzusehen. Nicht nur aus hygenischen Gesichtspunkten, auch s\u00e4mtliche Ventile und Ausl\u00e4ufe m\u00f6gen keine Fremdbestandteile.\n<br >Wir installieren und warten ihren Filter.<\/p><\/div> <\/div> <div  class=\"row space-bottom force-align\"> <div  class=\"col-xs-12 col-sm-fit text-center\"> <i  class=\"fa icon fa-compress big color7\"><\/i><\/div> <div  class=\"col-xs-12 col-sm\" data-type=\"column\"><h5  class=\"color1\"><span  style=\"color: rgb(255, 0, 68);\">Druckminderer<\/span><\/h5> <p  class=\"\">Ein Druckminderer im Haus schont Armaturen und Ventile. F\u00fcr die einwandfreie Funktion ist eine regelm\u00e4\u00dfige \u00dcberpr\u00fcfung pflicht. Gerne beraten wir Sie individuell zu diesem Thema.<\/p><\/div> <\/div> <div  class=\"row space-bottom force-align\"> <div  class=\"col-xs-12 col-sm-fit text-center\"> <i  class=\"fa icon fa-backward big color7\"><\/i><\/div> <div  class=\"col-xs-12 col-sm\" data-type=\"column\"><h5  class=\"color1\"><span  style=\"color: rgb(255, 0, 68);\">R\u00fcckstauklappe<\/span><\/h5> <p  class=\"\">Niemand m\u00f6chte bei starken Regenf\u00e4llen Schmutzwasser im Haus haben. Hierf\u00fcr ist die Funktionssicherheit der R\u00fcckstauklappe das A und O. Wir installieren und warten auch bei Ihnen eine R\u00fcckstauklappe.<\/p><\/div> <\/div><\/div> <\/div><\/div> <\/div><\/div> <\/div>","protected":false},"excerpt":{"rendered":"<p>Trinkwasser ist heute das Lebensmittel No.1 Grade aus diesem Grund ist eine funktionierende, hygienisch einwandfreie Wasserinstallation wichtig. Ihr Wasser ist uns wichtig. In der Wasserhausinstallation gibt es einige Komponenten die einer \u00dcberpr\u00fcfung bed\u00fcrfen. Angefangen am Wasser-Hausanschluss bishin zum Abwasseranschluss bieten wir Ihnen ein Rundum \u2013 Sorglospaket an. Hier eine kleine Auswahl wichtiger Komponenten: Wasserfilter Es&hellip; <br \/> <a class=\"read-more\" href=\"https:\/\/dieter-impekoven.de\/Sanitaer-Heizung-Klima\/wartung-2\/\">Weiterlesen<\/a><\/p>\n","protected":false},"author":1,"featured_media":478,"parent":0,"menu_order":0,"comment_status":"closed","ping_status":"closed","template":"pro\/page-templates\/full-width-page.php","meta":{"footnotes":""},"class_list":["post-181","page","type-page","status-publish","has-post-thumbnail","hentry"],"_links":{"self":[{"href":"https:\/\/dieter-impekoven.de\/Sanitaer-Heizung-Klima\/wp-json\/wp\/v2\/pages\/181","targetHints":{"allow":["GET"]}}],"collection":[{"href":"https:\/\/dieter-impekoven.de\/Sanitaer-Heizung-Klima\/wp-json\/wp\/v2\/pages"}],"about":[{"href":"https:\/\/dieter-impekoven.de\/Sanitaer-Heizung-Klima\/wp-json\/wp\/v2\/types\/page"}],"author":[{"embeddable":true,"href":"https:\/\/dieter-impekoven.de\/Sanitaer-Heizung-Klima\/wp-json\/wp\/v2\/users\/1"}],"replies":[{"embeddable":true,"href":"https:\/\/dieter-impekoven.de\/Sanitaer-Heizung-Klima\/wp-json\/wp\/v2\/comments?post=181"}],"version-history":[{"count":8,"href":"https:\/\/dieter-impekoven.de\/Sanitaer-Heizung-Klima\/wp-json\/wp\/v2\/pages\/181\/revisions"}],"predecessor-version":[{"id":573,"href":"https:\/\/dieter-impekoven.de\/Sanitaer-Heizung-Klima\/wp-json\/wp\/v2\/pages\/181\/revisions\/573"}],"wp:featuredmedia":[{"embeddable":true,"href":"https:\/\/dieter-impekoven.de\/Sanitaer-Heizung-Klima\/wp-json\/wp\/v2\/media\/478"}],"wp:attachment":[{"href":"https:\/\/dieter-impekoven.de\/Sanitaer-Heizung-Klima\/wp-json\/wp\/v2\/media?parent=181"}],"curies":[{"name":"wp","href":"https:\/\/api.w.org\/{rel}","templated":true}]}}