{"id":179,"date":"2020-04-20T18:18:57","date_gmt":"2020-04-20T16:18:57","guid":{"rendered":"https:\/\/dieter-impekoven.de\/Sanitaer-Heizung-Klima\/?page_id=179"},"modified":"2020-08-25T19:35:16","modified_gmt":"2020-08-25T17:35:16","slug":"regenwassernutzung","status":"publish","type":"page","link":"https:\/\/dieter-impekoven.de\/Sanitaer-Heizung-Klima\/regenwassernutzung\/","title":{"rendered":"Regenwassernutzung"},"content":{"rendered":"<div  data-label=\"Content\" data-id=\"content--1\" data-export-id=\"content-7-mc\" data-category=\"content\" class=\"content-7-mc content-section content-section-spacing\" id=\"content-1\" style=\"background-color: rgb(255, 255, 255);\"><div  class=\"gridContainer\"> <div  class=\"row middle-sm\"><div  class=\"col-sm-6 space-bottom-xs\" data-type=\"column\"> <h2  class=\"\"><span  style=\"font-weight: 400;\">Eine \u00f6kologisch sinnvolle Variante<\/span><\/h2> <p  class=\"\">Unser Trinkwasser ist ein kostbares Gut. Nicht nur weil wir es nicht f\u00fcr die Gartenbew\u00e4sserung oder f\u00fcr die WC-Sp\u00fclung verschwenden sollten, sondern auch weil die Wasserkosten voraussichtlich in Zukunft steigen werden ist eine Regenwassernutzungsanlage sinnvoll.&nbsp;\n<br >Wie bereits deutlich wird, hat die Nutzung von Regenwasser eine Menge Vorteile. Nicht nur, dass es die Grundwasservorr\u00e4te schont auch der eigene Geldbeutel wir entlastet.&nbsp;\n<br >Gerne beraten wir Sie individuell zu diesem Thema.<\/p> <\/div> <div  class=\"col-sm-6\" data-type=\"column\"> <img decoding=\"async\"  class=\"shadow-large\" src=\"https:\/\/dieter-impekoven.de\/Sanitaer-Heizung-Klima\/wp-content\/uploads\/2020\/08\/cropped-seljalandsfoss-1207956-scaled-1.jpg\" alt=\"\" title=\"cropped-seljalandsfoss-1207956-scaled-1.jpg\"><\/div> <\/div><\/div> <\/div>","protected":false},"excerpt":{"rendered":"<p>Eine \u00f6kologisch sinnvolle Variante Unser Trinkwasser ist ein kostbares Gut. Nicht nur weil wir es nicht f\u00fcr die Gartenbew\u00e4sserung oder f\u00fcr die WC-Sp\u00fclung verschwenden sollten, sondern auch weil die Wasserkosten voraussichtlich in Zukunft steigen werden ist eine Regenwassernutzungsanlage sinnvoll.&nbsp; Wie bereits deutlich wird, hat die Nutzung von Regenwasser eine Menge Vorteile. Nicht nur, dass es&hellip; <br \/> <a class=\"read-more\" href=\"https:\/\/dieter-impekoven.de\/Sanitaer-Heizung-Klima\/regenwassernutzung\/\">Weiterlesen<\/a><\/p>\n","protected":false},"author":1,"featured_media":466,"parent":0,"menu_order":0,"comment_status":"closed","ping_status":"closed","template":"pro\/page-templates\/full-width-page.php","meta":{"footnotes":""},"class_list":["post-179","page","type-page","status-publish","has-post-thumbnail","hentry"],"_links":{"self":[{"href":"https:\/\/dieter-impekoven.de\/Sanitaer-Heizung-Klima\/wp-json\/wp\/v2\/pages\/179","targetHints":{"allow":["GET"]}}],"collection":[{"href":"https:\/\/dieter-impekoven.de\/Sanitaer-Heizung-Klima\/wp-json\/wp\/v2\/pages"}],"about":[{"href":"https:\/\/dieter-impekoven.de\/Sanitaer-Heizung-Klima\/wp-json\/wp\/v2\/types\/page"}],"author":[{"embeddable":true,"href":"https:\/\/dieter-impekoven.de\/Sanitaer-Heizung-Klima\/wp-json\/wp\/v2\/users\/1"}],"replies":[{"embeddable":true,"href":"https:\/\/dieter-impekoven.de\/Sanitaer-Heizung-Klima\/wp-json\/wp\/v2\/comments?post=179"}],"version-history":[{"count":3,"href":"https:\/\/dieter-impekoven.de\/Sanitaer-Heizung-Klima\/wp-json\/wp\/v2\/pages\/179\/revisions"}],"predecessor-version":[{"id":472,"href":"https:\/\/dieter-impekoven.de\/Sanitaer-Heizung-Klima\/wp-json\/wp\/v2\/pages\/179\/revisions\/472"}],"wp:featuredmedia":[{"embeddable":true,"href":"https:\/\/dieter-impekoven.de\/Sanitaer-Heizung-Klima\/wp-json\/wp\/v2\/media\/466"}],"wp:attachment":[{"href":"https:\/\/dieter-impekoven.de\/Sanitaer-Heizung-Klima\/wp-json\/wp\/v2\/media?parent=179"}],"curies":[{"name":"wp","href":"https:\/\/api.w.org\/{rel}","templated":true}]}}