{"id":177,"date":"2020-04-20T18:18:57","date_gmt":"2020-04-20T16:18:57","guid":{"rendered":"https:\/\/dieter-impekoven.de\/Sanitaer-Heizung-Klima\/?page_id=177"},"modified":"2024-08-05T16:46:21","modified_gmt":"2024-08-05T14:46:21","slug":"foerderungen-zuschuesse","status":"publish","type":"page","link":"https:\/\/dieter-impekoven.de\/Sanitaer-Heizung-Klima\/foerderungen-zuschuesse\/","title":{"rendered":"F\u00f6rderungen &#038; Zusch\u00fcsse"},"content":{"rendered":"<div  data-label=\"Fo\" data-id=\"content--2\" data-export-id=\"content-7-mc\" data-category=\"content\" class=\"content-7-mc content-section content-section-spacing content-relative\" id=\"fo\" style=\"background-color: rgb(255, 255, 255); background-image: none;\" data-section-ov=\"1\"><div  class=\"gridContainer\"> <div  class=\"row middle-sm\"><div  class=\"col-sm-6 space-bottom-xs\" data-type=\"column\"> <p  class=\"\" style=\"text-align: left;\">F\u00f6rderm\u00f6glichkeiten der KFW(2024)<\/p><h2  class=\"\"><span  style=\"color: rgb(54, 147, 197);\">Modernisieren lohnt sich!<\/span><\/h2> <p  class=\"\">Profitieren Sie als Privatperson, Wohnungseigent\u00fcmergemeinschaft, Freiberufler, Kommune, Unternehmen und andere juristische Person von verbesserten F\u00f6rderkonditionen, wenn Sie in Ihren Heizungsanlagen erneuerbare W\u00e4rme nutzen.\n<br ><br ><br >Sie k\u00f6nnen z.B bei Einbau einer reinen W\u00e4rmepumpenanlage bis zu 70% F\u00f6rderung von der KFW erstattet bekommen.\n<br >Die F\u00f6rderung setzt sich dabei zusammen aus:\n<br >Grundf\u00f6rderung 30% +&nbsp;\n<br >Klimageschwindigkeitsbonus 20% +\n<br >Einkommensbonus 30% +\n<br >Effizienzbonus 5%<br >Die maximale Kombinationsf\u00f6rderung ist dabei auf 70% gedeckelt.<br >\n\n<br ><br >Weitere Informationen erhalten Sie auf den Websiten der KFW:<br ><\/p> <a class=\"button color8\" href=\"https:\/\/www.kfw.de\/inlandsfoerderung\/Privatpersonen\/Bestehende-Immobilie\/Energieeffizient-sanieren\/Heizung\" target=\"_blank\" data-cp-link=\"1\" data-icon=\"\" rel=\"noopener noreferrer\">Zur Website: KFW: \u201cF\u00f6rderm\u00f6glichkeiten\u201d<\/a><a class=\"button color8\" href=\"https:\/\/www.kfw.de\/inlandsfoerderung\/Privatpersonen\/Bestehende-Immobilie\/F%C3%B6rderprodukte\/Heizungsf%C3%B6rderung-f%C3%BCr-Privatpersonen-Wohngeb%C3%A4ude-(458)\" target=\"_blank\" data-cp-link=\"1\" data-icon=\"\" rel=\"noopener\">Zur Website: KFW F\u00f6rderung Heizsysteme<\/a><\/div> <div  class=\"col-sm-6\" data-type=\"column\"><img decoding=\"async\"  class=\"custom-image\" src=\"https:\/\/dieter-impekoven.de\/Sanitaer-Heizung-Klima\/wp-content\/uploads\/2024\/01\/cropped-infografik-beg-foerderung-heizungstausch.jpg\" title=\"cropped-infografik-beg-foerderung-heizungstausch.jpg\" alt=\"\"> <p  class=\"\">\u00a9 BMWK, Stand 12\/2023 Quelle:&nbsp;https:\/\/www.energiewechsel.de\/KAENEF\/Redaktion\/DE\/Dossier\/beg.html<\/p><\/div> <\/div><\/div> <\/div><div  data-label=\"Forderung\" data-id=\"content--3\" data-export-id=\"content-8-mc\" data-category=\"content\" class=\"content-8-mc content-section content-section-spacing\" id=\"forderung\" style=\"background-color: rgb(245, 250, 253);\"><div  class=\"gridContainer\"> <div  class=\"row middle-sm\"><div  class=\"col-sm-6 space-bottom-xs space-top-xs\" data-type=\"column\"> <a data-cp-link=\"1\" href=\"https:\/\/www.bafa.de\/DE\/Energie\/Effiziente_Gebaeude\/Sanierung_Wohngebaeude\/Heizungsoptimierung\/heizungsoptimierung_node.html\" class=\"\" target=\"_blank\" rel=\"noopener noreferrer\"><img  decoding=\"async\" class=\"shadow-large\" src=\"https:\/\/dieter-impekoven.de\/Sanitaer-Heizung-Klima\/wp-content\/uploads\/2021\/02\/cropped-smart-home-3395997_1920.jpg\" title=\"cropped-smart-home-3395997_1920.jpg\" alt=\"\"><\/a><\/div> <div  class=\"col-sm-6\" data-type=\"column\"><h2  class=\"\"><font  color=\"#fbc02d\">Die Heizungsoptimierung: gef\u00f6rdertes Einsparpotenzial.<\/font><\/h2> <p  class=\"\">Auch die bestehende Heizungsanlage in Ihrem Geb\u00e4ude kann Optimiert werden. Neben der j\u00e4hrlichen \u00dcberpr\u00fcfung Ihrer Anlage ist auch der Austausch der Umw\u00e4lzpumpe gegen eine hocheffizente, eine sinnvolle Investition. Zus\u00e4tzlich zu einem effizienten Heizsystem z\u00e4hlt auch der hydraulische Abgleich aller Komponenten, der Ihnen durchaus bares Geld sparen kann. Auch Rohrleitungsd\u00e4mmung, der Einbau einer Fu\u00dfbodenheizung oder der Austausch gegen effiziente Regler sind ein F\u00f6rderthema.\n<br ><br > Informieren Sie sich noch heute \u00fcber F\u00f6rderm\u00f6glichkeiten f\u00fcr Optimierungsma\u00dfnahmen in Ihrem Geb\u00e4ude. \n<br ><br >Sprechen Sie uns gerne an.<\/p> <a class=\"button color3\" href=\"https:\/\/www.bafa.de\/DE\/Energie\/Effiziente_Gebaeude\/Sanierung_Wohngebaeude\/Heizungsoptimierung\/heizungsoptimierung_node.html\" target=\"_blank\" data-cp-link=\"1\" data-icon=\"\" rel=\"noopener noreferrer\">Zur Website der BAFA: \u201cHeizungsoptimierung\u201d<\/a><\/div> <\/div><\/div> <\/div><div  data-label=\"Wichtig zu beachten\" data-id=\"content--1\" data-export-id=\"content-7-mc\" data-category=\"content\" class=\"content-7-mc content-section content-section-spacing\" id=\"wichtig-zu-beachten\" style=\"background-color: rgb(255, 255, 255);\"><div  class=\"gridContainer\"> <div  class=\"row middle-sm\"><div  class=\"col-sm-6 space-bottom-xs\" data-type=\"column\"> <h2  class=\"\"><span  style=\"color: rgb(255, 0, 68);\">Wichtig zu beachten!<\/span><\/h2> <p  class=\"\">Die Antragstellung bei der BAFA muss <span  style=\"text-decoration: underline; font-weight: 600; color: rgb(255, 0, 68);\">vor<\/span> Vorhabenbeginn erfolgen. \n<br ><br >Als Vorhabenbeginn gilt der Abschluss eines der Ausf\u00fchrung zuzurechnenden Lieferungs- oder Leistungsvertrages. \n<br >Planungsleistungen d\u00fcrfen vor Antragstellung erbracht werden. \n<br >Ma\u00dfgeblich ist das Eingangsdatum des Antrages beim BAFA.<\/p> <\/div> <div  class=\"col-sm-6\" data-type=\"column\"> <img  decoding=\"async\" class=\"shadow-large\" src=\"https:\/\/dieter-impekoven.de\/Sanitaer-Heizung-Klima\/wp-content\/uploads\/2020\/04\/cropped-money-2724241_1920.jpg\" alt=\"\" title=\"cropped-money-2724241_1920.jpg\"><\/div> <\/div><\/div> <\/div>","protected":false},"excerpt":{"rendered":"<p>F\u00f6rderm\u00f6glichkeiten der KFW(2024)Modernisieren lohnt sich! Profitieren Sie als Privatperson, Wohnungseigent\u00fcmergemeinschaft, Freiberufler, Kommune, Unternehmen und andere juristische Person von verbesserten F\u00f6rderkonditionen, wenn Sie in Ihren Heizungsanlagen erneuerbare W\u00e4rme nutzen. Sie k\u00f6nnen z.B bei Einbau einer reinen W\u00e4rmepumpenanlage bis zu 70% F\u00f6rderung von der KFW erstattet bekommen. Die F\u00f6rderung setzt sich dabei zusammen aus: Grundf\u00f6rderung 30% +&nbsp;&hellip; <br \/> <a class=\"read-more\" href=\"https:\/\/dieter-impekoven.de\/Sanitaer-Heizung-Klima\/foerderungen-zuschuesse\/\">Weiterlesen<\/a><\/p>\n","protected":false},"author":1,"featured_media":422,"parent":0,"menu_order":0,"comment_status":"closed","ping_status":"closed","template":"pro\/page-templates\/full-width-page.php","meta":{"footnotes":""},"class_list":["post-177","page","type-page","status-publish","has-post-thumbnail","hentry"],"_links":{"self":[{"href":"https:\/\/dieter-impekoven.de\/Sanitaer-Heizung-Klima\/wp-json\/wp\/v2\/pages\/177","targetHints":{"allow":["GET"]}}],"collection":[{"href":"https:\/\/dieter-impekoven.de\/Sanitaer-Heizung-Klima\/wp-json\/wp\/v2\/pages"}],"about":[{"href":"https:\/\/dieter-impekoven.de\/Sanitaer-Heizung-Klima\/wp-json\/wp\/v2\/types\/page"}],"author":[{"embeddable":true,"href":"https:\/\/dieter-impekoven.de\/Sanitaer-Heizung-Klima\/wp-json\/wp\/v2\/users\/1"}],"replies":[{"embeddable":true,"href":"https:\/\/dieter-impekoven.de\/Sanitaer-Heizung-Klima\/wp-json\/wp\/v2\/comments?post=177"}],"version-history":[{"count":23,"href":"https:\/\/dieter-impekoven.de\/Sanitaer-Heizung-Klima\/wp-json\/wp\/v2\/pages\/177\/revisions"}],"predecessor-version":[{"id":1111,"href":"https:\/\/dieter-impekoven.de\/Sanitaer-Heizung-Klima\/wp-json\/wp\/v2\/pages\/177\/revisions\/1111"}],"wp:featuredmedia":[{"embeddable":true,"href":"https:\/\/dieter-impekoven.de\/Sanitaer-Heizung-Klima\/wp-json\/wp\/v2\/media\/422"}],"wp:attachment":[{"href":"https:\/\/dieter-impekoven.de\/Sanitaer-Heizung-Klima\/wp-json\/wp\/v2\/media?parent=177"}],"curies":[{"name":"wp","href":"https:\/\/api.w.org\/{rel}","templated":true}]}}