{"id":175,"date":"2020-04-20T18:18:56","date_gmt":"2020-04-20T16:18:56","guid":{"rendered":"https:\/\/dieter-impekoven.de\/Sanitaer-Heizung-Klima\/?page_id=175"},"modified":"2022-12-29T17:47:46","modified_gmt":"2022-12-29T16:47:46","slug":"wartung","status":"publish","type":"page","link":"https:\/\/dieter-impekoven.de\/Sanitaer-Heizung-Klima\/wartung\/","title":{"rendered":"Wartung"},"content":{"rendered":"<div  data-label=\"Nutzen\" data-id=\"content--5\" data-export-id=\"content-6\" data-category=\"content\" class=\"content-6 content-section content-section-spacing\" id=\"nutzen-1\" style=\"background-color: rgb(255, 255, 255);\" data-bullets-visibility=\"true\"><div  class=\"gridContainer\"> <div  class=\"row text-center\"><div  class=\"section-title-col\" data-type=\"column\"> <h2  class=\"\">Ihre Heizung ist uns wichtig!<\/h2> <p  class=\"lead\">Eine regelm\u00e4\u00dfige Wartung ist die Grundlage f\u00fcr eine zuverl\u00e4ssige Heizungsanlage. Im Zuge dieser Ma\u00dfnahme werden alle Funktionen der Anlage \u00fcberpr\u00fcft. Auf diese Weise k\u00f6nnen nicht nur vermeidbare Ausf\u00e4lle w\u00e4hrend der Heizsaison verhindert werden, sondern auch ein optimaler, effizienter Betrieb gew\u00e4hrleistet werden.<\/p><\/div> <\/div> <div  class=\"row middle-sm\"> <div  class=\"col-sm-6\"> <div  class=\"row\"> <div  class=\"col-xs-12 space-bottom\" data-type=\"column\"> <h3  class=\"color2\"><span  style=\"color: rgb(5, 2, 201);\">4 gute Gr\u00fcnde f\u00fcr eine Heizungswartung<\/span><\/h3> <p  class=\"\">Es gibt viele gute Gr\u00fcnde f\u00fcr eine Inspektion. Angefangen bei Sicherheitsaspekten bishin zur Funktionssicherheit.<\/p><\/div> <div  data-type=\"row\" class=\"col-xs-12\"><div  class=\"row space-bottom force-align\"> <div  class=\"col-xs-12 col-sm-fit text-center\"><i  class=\"fa icon fa-euro big color1\"><\/i><\/div> <div  class=\"col-xs-12 col-sm\" data-type=\"column\"><h5  class=\"color1\">Energieeinsparung<\/h5> <p  class=\"\">Hohe Heizkosten durch Verunreinigungen oder fehlerhaften Regelungseinstellungen k\u00f6nnen vermieden werden.<\/p><\/div> <\/div> <div  class=\"row space-bottom force-align\"> <div  class=\"col-xs-12 col-sm-fit text-center\"> <i  class=\"fa icon fa-clock-o big color1\"><\/i><\/div> <div  class=\"col-xs-12 col-sm\" data-type=\"column\"><h5  class=\"color1\">Lebensdauer verl\u00e4ngern<\/h5> <p  class=\"\">Die Lebensdauer der Anlage kann durch eine regelm\u00e4\u00dfige \u00dcberpr\u00fcfung und Reinigung verl\u00e4ngert werden.<\/p><\/div> <\/div> <div  class=\"row space-bottom force-align\"> <div  class=\"col-xs-12 col-sm-fit text-center\"> <i  class=\"fa icon fa-line-chart big color1\"><\/i><\/div> <div  class=\"col-xs-12 col-sm\" data-type=\"column\"><h5  class=\"color1\">Funktionssicherheit gew\u00e4hrleisten<\/h5> <p  class=\"\">Nicht nur bei Gro\u00dfanlagen muss eine Heizung dauerhaft funktionieren. Ein kaltes Haus und eine kalte Dusche m\u00f6chte im Winter niemand haben.<\/p><\/div> <\/div><div  class=\"row space-bottom force-align\"> <div  class=\"col-xs-12 col-sm-fit text-center\"><i  class=\"fa icon fa-handshake-o big color1\"><\/i><\/div> <div  class=\"col-xs-12 col-sm\" data-type=\"column\"><h5  class=\"color1\">Garantieanspruch und Effizienz<\/h5> <p  class=\"\">In der heutigen Zeit werben viele Hersteller mit Effizienz, Umweltschutz und Garantien. Diese Ziele k\u00f6nnen nur mit einer regelm\u00e4\u00dfigen Wartung in Anspruch genommen werden.<\/p><\/div> <\/div><\/div> <\/div><\/div> <div  class=\"col-sm-6 flexbox around-xs top-xs space-bottom-xs\"><div  class=\"overlay-box flexbox middle-xs center-xs overlay-holder\"> <div  class=\"overlay-box-offset offset-border shadow-medium border-color2 hide-xs\"><\/div> <img decoding=\"async\"  class=\"flexbox shadow-large img1\" data-size=\"485x632\" src=\"https:\/\/dieter-impekoven.de\/Sanitaer-Heizung-Klima\/wp-content\/uploads\/2020\/09\/cropped-craftsmen-1020156-1-scaled-1.jpg\" alt=\"\" title=\"cropped-craftsmen-1020156-1-scaled-1.jpg\"><\/div> <\/div><\/div> <\/div><\/div><div  data-label=\"Inhalt\" data-id=\"content--2\" data-export-id=\"content-6-2\" data-category=\"content\" class=\"content-6-2 content-section content-section-spacing\" id=\"inhalt\" style=\"background-color: rgb(255, 255, 255);\" data-bullets-visibility=\"true\"><div  class=\"gridContainer\"> <div  class=\"row text-center\"><div  class=\"section-title-col\" data-type=\"column\"> <h2  class=\"\">Was geh\u00f6rt bei der Wartung dazu ?<\/h2> <p  class=\"lead\">Die Grundlage einer Wartung bildet die Funktionspr\u00fcfung, Immissionsmessung, sowie eine gr\u00fcndliche Reinigung.<br >\nDurch eine genaue \u00dcberpr\u00fcfung unter anderem folgender Elemente, kann ein zuverl\u00e4ssiger Betrieb gew\u00e4hrleistet werden:<\/p><\/div> <\/div> <div  class=\"row middle-sm\"> <div  class=\"col-sm-6 flexbox around-xs top-xs\"> <div  class=\"overlay-box flexbox middle-xs center-xs overlay-holder\"> <div  class=\"overlay-box-offset offset-border shadow-medium border-color2 hide-xs\"><\/div> <img decoding=\"async\"  class=\"flexbox shadow-large img1\" data-size=\"485x632\" src=\"https:\/\/dieter-impekoven.de\/Sanitaer-Heizung-Klima\/wp-content\/uploads\/2020\/08\/cropped-valve-thermostat-1558399-scaled-1.jpg\" alt=\"\" title=\"cropped-valve-thermostat-1558399-scaled-1.jpg\"><\/div> <\/div> <div  class=\"col-sm-6 space-top-xs\"> <div  class=\"row\"> <div  class=\"col-xs-12 space-bottom\" data-type=\"column\">  <\/div> <div  data-type=\"row\" class=\"col-xs-12\"><div  class=\"row space-bottom force-align\"> <div  class=\"col-xs-12 col-sm-fit text-center\"><i  class=\"fa icon fa-plug big color7\"><\/i><\/div> <div  class=\"col-xs-12 col-sm\" data-type=\"column\"><h5  class=\"color1\"><span  style=\"color: rgb(247, 8, 8);\">Mess und Regeltechnische \u00dcberpr\u00fcfung<\/span><\/h5> <p  class=\"\">\u2013 \u00dcberpr\u00fcfung und Einstellung der Steuer- &amp; Regeleinheiten\n<br >\u2013 \u00dcberpr\u00fcfung der Sensoren und Aktoren\n<br >\u2013 Kontrolle der Sicherungstechnischen Einrichtungen\n<br >\u2013 Immissionsmessung<\/p><\/div> <\/div> <div  class=\"row space-bottom force-align\"> <div  class=\"col-xs-12 col-sm-fit text-center\"> <i  class=\"fa icon fa-wrench big color7\"><\/i><\/div> <div  class=\"col-xs-12 col-sm\" data-type=\"column\"><h5  class=\"color1\"><span  style=\"color: rgb(255, 0, 0);\">Reinigung und Instandhaltung<\/span><\/h5> <p  class=\"\">\u2013 Reinigung und \u00dcberpr\u00fcfung des W\u00e4rmeerzeugers\n<br >&nbsp; &nbsp;(Brenner, K\u00e4ltekreislauf, W\u00e4rmetauscher etc.)<br >\u2013 \u00dcberpr\u00fcfung s\u00e4mtlicher Verschlei\u00dfteile\n<br >\u2013 Dichtheitspr\u00fcfungen<\/p><\/div> <\/div> <div  class=\"row space-bottom force-align\"> <div  class=\"col-xs-12 col-sm-fit text-center\"> <i  class=\"fa icon fa-database big color7\"><\/i><\/div> <div  class=\"col-xs-12 col-sm\" data-type=\"column\"><h5  class=\"color1\"><span  style=\"color: rgb(255, 0, 0);\">Anlagenhydraulik und Speicher\u00fcberpr\u00fcfung<\/span><\/h5> <p  class=\"\">\u2013 Inspektion der Heizkreisl\u00e4ufe, Umw\u00e4lzpumpen und der&nbsp;<br >&nbsp; &nbsp;allgemeinen&nbsp;Anlagenhydraulik\n<br >\u2013 Zustand des Warmwasser &amp; Pufferspeichers feststellen\n<br >&nbsp; &nbsp;ggf: Austausch von der Speicheranode erforderlich\n<br >&#8211;&nbsp; \u00dcberpr\u00fcfung der Solarthermieanlage und deren Komponenten<\/p><\/div> <\/div><\/div> <\/div><\/div> <\/div><\/div> <\/div><div  data-label=\"Wartungsvertrag\" data-id=\"content--4\" data-export-id=\"content-5-2\" data-category=\"content\" class=\"content-5-2 content-section content-section-spacing\" id=\"wartungsvertrag\" style=\"background-color: rgb(255, 254, 233); background-image: none;\" data-bullets-visibility=\"true\"><div  class=\"gridContainer\"> <div  class=\"row text-center\"><div  class=\"section-title-col\" data-type=\"column\"> <h2  class=\"\">Ein Wartungsvertrag bietet viel Komfort<\/h2> <p  class=\"lead\">Die regelm\u00e4\u00dfige Inspektion der Heizungsanlage rentiert sich meist allein durch den zuverl\u00e4ssigen Betrieb der Anlage, aber auch durch das Wegfallen von vermeidbaren, teuren Reparaturen.<\/p><\/div> <\/div> <div  class=\"row middle-sm\"> <div  class=\"col-sm-6 flexbox around-xs top-xs\"> <div  class=\"overlay-box flexbox middle-xs center-xs overlay-holder\"> <div  class=\"overlay-box-offset offset-background shadow-medium bg-color2 hide-xs\"><\/div> <img decoding=\"async\"  class=\"flexbox shadow-large img1\" data-size=\"485x632\" src=\"https:\/\/dieter-impekoven.de\/Sanitaer-Heizung-Klima\/wp-content\/uploads\/2020\/04\/cropped-silhouette-3265909-1.png\" alt=\"\" title=\"cropped-silhouette-3265909-1.png\"><\/div> <\/div> <div  class=\"col-sm-6 space-bottom-xs\"> <div  class=\"row space-bottom content-holder\" data-type=\"column\"> <h3  class=\"color2\">Ihre Vorteile<\/h3> <p  class=\"\">Es bietet sich daher an, f\u00fcr die regelm\u00e4\u00dfige \u00dcberpr\u00fcfung der Heizungsanlage einen Wartungsvertrag abzuschlie\u00dfen.<\/p><\/div> <div  class=\"row space-bottom\" data-type=\"row\"><div  class=\"col-sm-6 space-bottom\"> <i  class=\"fa icon medium fa-clock-o color3\"><\/i> <h5  class=\"\">Einfach.<\/h5> <p  class=\"\">Wir melden uns bei Ihnen, sobald Ihre Heizungswartung f\u00e4llig ist.<\/p><\/div> <div  class=\"col-sm-6\"><i  class=\"fa icon medium fa-check-square color3\"><\/i> <h5  class=\"\">Sorgenfrei.<\/h5> <p  class=\"\">Die \u00dcberpr\u00fcfung der Anlage kann nicht in Vergessenheit geraten.<\/p><\/div> <div  class=\"col-sm-6 space-bottom\"><i  class=\"fa icon medium fa-euro color3\"><\/i> <h5  class=\"\">Service.<\/h5> <p  class=\"\">Der Wartungsvertrag ist ein Service von uns und pro Leistung genauso Preiswert wie eine Einzelwartung.<\/p><\/div> <div  class=\"col-sm-6\"><i  class=\"fa icon medium fa-calendar-check-o color3\"><\/i> <h5  class=\"\">Planung.<\/h5> <p  class=\"\">Die wiederkehrenden Wartungskosten k\u00f6nnen langfristig in Ihrem Finanzplan einkalkuliert werden.<\/p><\/div> <\/div><\/div> <\/div><\/div> <\/div>","protected":false},"excerpt":{"rendered":"<p>Ihre Heizung ist uns wichtig! Eine regelm\u00e4\u00dfige Wartung ist die Grundlage f\u00fcr eine zuverl\u00e4ssige Heizungsanlage. Im Zuge dieser Ma\u00dfnahme werden alle Funktionen der Anlage \u00fcberpr\u00fcft. Auf diese Weise k\u00f6nnen nicht nur vermeidbare Ausf\u00e4lle w\u00e4hrend der Heizsaison verhindert werden, sondern auch ein optimaler, effizienter Betrieb gew\u00e4hrleistet werden. 4 gute Gr\u00fcnde f\u00fcr eine Heizungswartung Es gibt viele&hellip; <br \/> <a class=\"read-more\" href=\"https:\/\/dieter-impekoven.de\/Sanitaer-Heizung-Klima\/wartung\/\">Weiterlesen<\/a><\/p>\n","protected":false},"author":1,"featured_media":257,"parent":0,"menu_order":0,"comment_status":"closed","ping_status":"closed","template":"pro\/page-templates\/full-width-page.php","meta":{"footnotes":""},"class_list":["post-175","page","type-page","status-publish","has-post-thumbnail","hentry"],"_links":{"self":[{"href":"https:\/\/dieter-impekoven.de\/Sanitaer-Heizung-Klima\/wp-json\/wp\/v2\/pages\/175","targetHints":{"allow":["GET"]}}],"collection":[{"href":"https:\/\/dieter-impekoven.de\/Sanitaer-Heizung-Klima\/wp-json\/wp\/v2\/pages"}],"about":[{"href":"https:\/\/dieter-impekoven.de\/Sanitaer-Heizung-Klima\/wp-json\/wp\/v2\/types\/page"}],"author":[{"embeddable":true,"href":"https:\/\/dieter-impekoven.de\/Sanitaer-Heizung-Klima\/wp-json\/wp\/v2\/users\/1"}],"replies":[{"embeddable":true,"href":"https:\/\/dieter-impekoven.de\/Sanitaer-Heizung-Klima\/wp-json\/wp\/v2\/comments?post=175"}],"version-history":[{"count":28,"href":"https:\/\/dieter-impekoven.de\/Sanitaer-Heizung-Klima\/wp-json\/wp\/v2\/pages\/175\/revisions"}],"predecessor-version":[{"id":999,"href":"https:\/\/dieter-impekoven.de\/Sanitaer-Heizung-Klima\/wp-json\/wp\/v2\/pages\/175\/revisions\/999"}],"wp:featuredmedia":[{"embeddable":true,"href":"https:\/\/dieter-impekoven.de\/Sanitaer-Heizung-Klima\/wp-json\/wp\/v2\/media\/257"}],"wp:attachment":[{"href":"https:\/\/dieter-impekoven.de\/Sanitaer-Heizung-Klima\/wp-json\/wp\/v2\/media?parent=175"}],"curies":[{"name":"wp","href":"https:\/\/api.w.org\/{rel}","templated":true}]}}