{"id":172,"date":"2020-04-20T18:10:41","date_gmt":"2020-04-20T16:10:41","guid":{"rendered":"https:\/\/dieter-impekoven.de\/Sanitaer-Heizung-Klima\/?page_id=172"},"modified":"2022-12-29T17:07:16","modified_gmt":"2022-12-29T16:07:16","slug":"alternative-waermererzeuger","status":"publish","type":"page","link":"https:\/\/dieter-impekoven.de\/Sanitaer-Heizung-Klima\/alternative-waermererzeuger\/","title":{"rendered":"Alternative W\u00e4rmeerzeuger"},"content":{"rendered":"<div  data-label=\"HeizsystemederZukunft\" data-id=\"about--1\" data-export-id=\"about-1\" data-category=\"about\" class=\"about-1 content-section\" id=\"heizsystemederzukunft\" style=\"background-color: rgb(245, 250, 253);\"><div  class=\"gridContainer\"> <div  class=\"row text-center\"><div  class=\"section-title-col\" data-type=\"column\"> <h5  class=\"\">Wirtschaftlich und Regenerativ<\/h5> <h2  class=\"\">Die Heizungssysteme der Zukunft<\/h2> <p  class=\"lead\">Ein warmes Eigenheim ist heute eine Selbstverst\u00e4ndlichkeit. Doch der Weg dorthin kann auf verschiedensten M\u00f6glichkeiten basieren, die wir Ihnen hier gerne vorstellen m\u00f6chten.<\/p><\/div> <\/div> <div  class=\"row\"> <div  class=\"button-holder space-bottom space-bottom-small\" data-type=\"column\"> <\/div> <div  class=\"col-xs bottom-xs flexbox image-group-bottom-3-img space-bottom-xs center-xs\"> <img decoding=\"async\"  class=\"left-img shadow-large-black\" data-size=\"500x300\" src=\"https:\/\/dieter-impekoven.de\/Sanitaer-Heizung-Klima\/wp-content\/uploads\/2020\/08\/cropped-holzfeuer-1.jpeg\" alt=\"\" title=\"cropped-holzfeuer-1.jpeg\"> <img decoding=\"async\"  class=\"center-img shadow-large-black\" data-size=\"500x300\" src=\"https:\/\/dieter-impekoven.de\/Sanitaer-Heizung-Klima\/wp-content\/uploads\/2020\/04\/cropped-alternative-alternative-energy-clouds-eco-energy-433308-scaled-e1587830976423.jpg\" alt=\"\" title=\"cropped-alternative-alternative-energy-clouds-eco-energy-433308-scaled-e1587830976423.jpg\"> <img decoding=\"async\"  class=\"right-img shadow-large-black\" data-size=\"500x300\" src=\"https:\/\/dieter-impekoven.de\/Sanitaer-Heizung-Klima\/wp-content\/uploads\/2020\/08\/cropped-windkraft.jpeg\" alt=\"\" title=\"cropped-windkraft.jpeg\"><\/div> <\/div><\/div> <\/div><div  data-label=\"Kaminoefen\" data-id=\"content--2\" data-export-id=\"content-6-2\" data-category=\"content\" class=\"content-6-2 content-section content-section-spacing\" id=\"kaminoefen\" style=\"background-color: rgb(255, 255, 255); background-image: none;\"><div  class=\"gridContainer\"> <div  class=\"row text-center\"><div  class=\"section-title-col\" data-type=\"column\"> <h2  class=\"\">Kamin\u00f6fen und Pelletheizungen<\/h2> <p  class=\"lead\">Holz ist vorallendingen eins: Eine nachwachsende Ressource. In der Industrie f\u00e4llt ein betr\u00e4chtlicher Anteil an Holzabf\u00e4llen an, die f\u00fcr das Eigenheim genutzt werden kann.&nbsp;<\/p><\/div> <\/div> <div  class=\"row middle-sm\"> <div  class=\"col-sm-6 flexbox around-xs top-xs\"> <div  class=\"overlay-box flexbox middle-xs center-xs overlay-holder\"> <div  class=\"overlay-box-offset offset-border shadow-medium border-color2 hide-xs\"><\/div> <img decoding=\"async\"  class=\"flexbox shadow-large img1\" data-size=\"485x632\" src=\"https:\/\/dieter-impekoven.de\/Sanitaer-Heizung-Klima\/wp-content\/uploads\/2020\/04\/cropped-pellets-432096_640.jpg\" alt=\"\" title=\"cropped-pellets-432096_640.jpg\"><\/div> <\/div> <div  class=\"col-sm-6 space-top-xs\"> <div  class=\"row\"> <div  class=\"col-xs-12 space-bottom\" data-type=\"column\"> <h3  class=\"color2\"><span  style=\"color: rgb(251, 192, 45);\">Holz ist regenerativ.<\/span><\/h3> <p  class=\"\">Holz wird in verschiedenen Formen nutzbar gemacht und kann als alleinige Beheizung, aber auch als Erg\u00e4nzung zu fossilen und regenerativen W\u00e4rmerzeugern genutzt werden.<\/p><\/div> <div  data-type=\"row\" class=\"col-xs-12\"><div  class=\"row space-bottom force-align\"> <div  class=\"col-xs-12 col-sm-fit text-center\"><i  class=\"fa icon fa-tree big color3\"><\/i><\/div> <div  class=\"col-xs-12 col-sm\" data-type=\"column\"><h5  class=\"color1\"><span  style=\"color: rgb(251, 192, 45);\">Scheitholz<\/span><\/h5> <p  class=\"\">Scheitholz sind gespaltene Stammholzabschnitte. In Verbindung eines Kaminofens mit Wassertasche und Pufferspeicher kann das Holz Ideal als zus\u00e4tzliche W\u00e4rmequelle in das Heizsystem eingebunden werden.<\/p><\/div> <\/div> <div  class=\"row space-bottom force-align\"> <div  class=\"col-xs-12 col-sm-fit text-center\"> <i  class=\"fa icon fa-circle big color3\"><\/i><\/div> <div  class=\"col-xs-12 col-sm\" data-type=\"column\"><h5  class=\"color1\"><span  style=\"color: rgb(251, 192, 45);\">Holzpellets<\/span><\/h5> <p  class=\"\">H\u00e4ufig aus S\u00e4genebenprodukten hergestellt werden Sie oft als regenerativer Brennstoff genutzt. In einer Pelletheizung kann der Brennstoff f\u00fcr die automatisierte Nutzung verwendet werden.<\/p><\/div> <\/div> <div  class=\"row space-bottom force-align\"> <div  class=\"col-xs-12 col-sm-fit text-center\"> <i  class=\"fa icon fa-navicon big color3\"><\/i><\/div> <div  class=\"col-xs-12 col-sm\" data-type=\"column\"><h5  class=\"color1\"><span  style=\"color: rgb(251, 192, 45);\">Hackschnitzel<\/span><\/h5> <p  class=\"\">\u00c4hnlich wie Holzpellets k\u00f6nnen auch Hackschnitzel als Brennstoff genutzt werden. Sie sind preiswerter, ben\u00f6tigen allerdings ca. das 4-Fache an Lagerkapazit\u00e4t f\u00fcr die gleiche W\u00e4rmemenge.<\/p><\/div> <\/div><\/div> <\/div><\/div> <\/div><\/div> <\/div><div  data-label=\"Solarthermie\" data-id=\"content--3\" data-export-id=\"content-6\" data-category=\"content\" class=\"content-6 content-section content-section-spacing\" id=\"solarthermie\" style=\"background-color: rgb(245, 250, 253); background-image: none;\"><div  class=\"gridContainer\"> <div  class=\"row text-center\"><div  class=\"section-title-col\" data-type=\"column\"> <h2  class=\"\">Solarthermie<\/h2> <p  class=\"lead\">Eine vielf\u00e4ltig einsetzbare Energie<\/p><\/div> <\/div> <div  class=\"row middle-sm\"> <div  class=\"col-sm-6\"> <div  class=\"row\"> <div  class=\"col-xs-12 space-bottom\" data-type=\"column\"> <h3  class=\"color2\"><span  style=\"color: rgb(255, 0, 68);\">Die bekannteste erneuerbare Energie: Die Sonne.<\/span><\/h3> <p  class=\"\">Die gesamte auf die Erdoberfl\u00e4che auftreffende Energiemenge ist mehr als zehntausendmal gr\u00f6\u00dfer als der Energiebedarf der Menschheit, das Potenzial der Solarenergie ist gr\u00f6\u00dfer als das aller anderen erneuerbaren Energien zusammen.<\/p><\/div> <div  data-type=\"row\" class=\"col-xs-12\"><div  class=\"row space-bottom force-align\"> <div  class=\"col-xs-12 col-sm-fit text-center\"><i  class=\"fa icon fa-shower big color7\"><\/i><\/div> <div  class=\"col-xs-12 col-sm\" data-type=\"column\"><h5  class=\"color1\"><span  style=\"color: rgb(255, 0, 68);\">Warmwasserunterst\u00fctzung<\/span><\/h5> <p  class=\"\">Eine sehr h\u00e4ufig eingesetzte Art der Sonnennutzung im Thermiebereich ist die solare Warmwasserbereitung. Sie ben\u00f6tigt weniger Kollektoren und kann platzsparend in Kombination mit z.B einem Gas-Brennwertger\u00e4t genutzt werden.<\/p><\/div> <\/div> <div  class=\"row space-bottom force-align\"> <div  class=\"col-xs-12 col-sm-fit text-center\"> <i  class=\"fa icon fa-thermometer-three-quarters big color7\"><\/i><\/div> <div  class=\"col-xs-12 col-sm\" data-type=\"column\"><h5  class=\"color1\"><span  style=\"color: rgb(255, 0, 0);\">Heizungsunterst\u00fctzung<\/span><\/h5> <p  class=\"\">W\u00e4hrend in Bestandsgeb\u00e4uden der W\u00e4rmebedarf auf das Jahr gerechnet durch Solarenergie mit max. 30% Unterst\u00fctzt werden kann, k\u00f6nnen Niedrigenergie oder Passivh\u00e4user einen wesentlich h\u00f6heren Anteil mit der Sonnenkraft decken. Gerne beraten wir Sie vor Ort ausf\u00fchrlich zu diesem Thema.<\/p><\/div> <\/div> <\/div> <\/div><\/div> <div  class=\"col-sm-6 flexbox around-xs top-xs space-bottom-xs\"><div  class=\"overlay-box flexbox middle-xs center-xs overlay-holder\"> <div  class=\"overlay-box-offset offset-border shadow-medium border-color2 hide-xs\"><\/div> <img decoding=\"async\"  class=\"flexbox shadow-large img1\" data-size=\"485x632\" src=\"https:\/\/dieter-impekoven.de\/Sanitaer-Heizung-Klima\/wp-content\/uploads\/2020\/04\/cropped-solar-2955323_640.jpg\" alt=\"\" title=\"cropped-solar-2955323_640.jpg\"><\/div> <\/div><\/div> <\/div><\/div><div data-label=\"Waermepumpen\" data-id=\"cta--1\" data-export-id=\"cta-centered-section-grid\" data-category=\"cta\" class=\"cta-centered-section-grid content-section content-section-spacing-medium bg-color1 white-text\" id=\"waermepumpen\" ><div class=\"gridContainer\" > <div class=\"row text-center\" ><div class=\"col-xs-12 col-sm-10 col-sm-offset-1 col-md-8 col-md-offset-2\" data-type=\"column\" > <h2 class=\"\" >Schon gewusst ?<\/h2> <p class=\"\" >Auch W\u00e4rmepumpen z\u00e4hlen zu den alternativen, nicht fossilen W\u00e4rmeerzeugern.<\/p> <a class=\"button color3\" href=\"https:\/\/dieter-impekoven.de\/Sanitaer-Heizung-Klima\/waermepumpentechnik\" target=\"_self\" data-cp-link=\"1\" data-icon=\"fa-leaf\" rel=\"noopener noreferrer\"><span class=\"button-icon fa fa-leaf\" ><\/span>Zur W\u00e4rmepumpentechnik<\/a><\/div> <\/div><\/div> <\/div>","protected":false},"excerpt":{"rendered":"<p>Wirtschaftlich und Regenerativ Die Heizungssysteme der Zukunft Ein warmes Eigenheim ist heute eine Selbstverst\u00e4ndlichkeit. Doch der Weg dorthin kann auf verschiedensten M\u00f6glichkeiten basieren, die wir Ihnen hier gerne vorstellen m\u00f6chten. Kamin\u00f6fen und Pelletheizungen Holz ist vorallendingen eins: Eine nachwachsende Ressource. In der Industrie f\u00e4llt ein betr\u00e4chtlicher Anteil an Holzabf\u00e4llen an, die f\u00fcr das Eigenheim genutzt&hellip; <br \/> <a class=\"read-more\" href=\"https:\/\/dieter-impekoven.de\/Sanitaer-Heizung-Klima\/alternative-waermererzeuger\/\">Weiterlesen<\/a><\/p>\n","protected":false},"author":1,"featured_media":298,"parent":0,"menu_order":0,"comment_status":"closed","ping_status":"closed","template":"pro\/page-templates\/full-width-page.php","meta":{"footnotes":""},"class_list":["post-172","page","type-page","status-publish","has-post-thumbnail","hentry"],"_links":{"self":[{"href":"https:\/\/dieter-impekoven.de\/Sanitaer-Heizung-Klima\/wp-json\/wp\/v2\/pages\/172","targetHints":{"allow":["GET"]}}],"collection":[{"href":"https:\/\/dieter-impekoven.de\/Sanitaer-Heizung-Klima\/wp-json\/wp\/v2\/pages"}],"about":[{"href":"https:\/\/dieter-impekoven.de\/Sanitaer-Heizung-Klima\/wp-json\/wp\/v2\/types\/page"}],"author":[{"embeddable":true,"href":"https:\/\/dieter-impekoven.de\/Sanitaer-Heizung-Klima\/wp-json\/wp\/v2\/users\/1"}],"replies":[{"embeddable":true,"href":"https:\/\/dieter-impekoven.de\/Sanitaer-Heizung-Klima\/wp-json\/wp\/v2\/comments?post=172"}],"version-history":[{"count":13,"href":"https:\/\/dieter-impekoven.de\/Sanitaer-Heizung-Klima\/wp-json\/wp\/v2\/pages\/172\/revisions"}],"predecessor-version":[{"id":965,"href":"https:\/\/dieter-impekoven.de\/Sanitaer-Heizung-Klima\/wp-json\/wp\/v2\/pages\/172\/revisions\/965"}],"wp:featuredmedia":[{"embeddable":true,"href":"https:\/\/dieter-impekoven.de\/Sanitaer-Heizung-Klima\/wp-json\/wp\/v2\/media\/298"}],"wp:attachment":[{"href":"https:\/\/dieter-impekoven.de\/Sanitaer-Heizung-Klima\/wp-json\/wp\/v2\/media?parent=172"}],"curies":[{"name":"wp","href":"https:\/\/api.w.org\/{rel}","templated":true}]}}