{"id":1085,"date":"2024-08-05T16:47:34","date_gmt":"2024-08-05T14:47:34","guid":{"rendered":"https:\/\/dieter-impekoven.de\/Sanitaer-Heizung-Klima\/?page_id=1085"},"modified":"2026-03-17T15:50:39","modified_gmt":"2026-03-17T14:50:39","slug":"mit-waermepumpentechnik-sicher-in-die-zukunft","status":"publish","type":"page","link":"https:\/\/dieter-impekoven.de\/Sanitaer-Heizung-Klima\/mit-waermepumpentechnik-sicher-in-die-zukunft\/","title":{"rendered":"W\u00e4rmepumpentechnik: Sicher in die Zukunft"},"content":{"rendered":"<div  data-label=\"DieWaermepumpe\" data-id=\"about--1\" data-export-id=\"about-1\" data-category=\"about\" class=\"about-1 content-section content-relative\" id=\"diewaermepumpe\" style=\"background-color: rgb(255, 255, 255);\"><div  class=\"gridContainer\"> <div  class=\"row text-center\"><div  class=\"section-title-col\" data-type=\"column\"> <h5  class=\"\">Energieeffizient. Wirtschaftlich. Regenerativ.<\/h5> <h2  class=\"\">Die W\u00e4rmepumpe<\/h2> <p  class=\"lead\">Die Nutzung von Umweltenergie lohnt sich auch seit vielen Jahren in Bestandsgeb\u00e4uden. \n<br >Als zertifizierte W\u00e4rmepumpenprofis machen wir Sie unabh\u00e4ngig von Gas &amp; \u00d6l und finden die optimale L\u00f6sung f\u00fcr Ihr Geb\u00e4ude.<\/p><\/div> <\/div> <div  class=\"row\"> <div  class=\"button-holder space-bottom space-bottom-small\" data-type=\"column\"> <\/div> <div  class=\"col-xs bottom-xs flexbox image-group-bottom-3-img space-bottom-xs center-xs\"> <img  decoding=\"async\" class=\"left-img shadow-large-black\" data-size=\"500x300\" src=\"https:\/\/dieter-impekoven.de\/Sanitaer-Heizung-Klima\/wp-content\/uploads\/2026\/03\/cropped-CS8800i-1.png\" title=\"cropped-CS8800i-1.png\" alt=\"\"> <img  decoding=\"async\" class=\"center-img shadow-large-black\" data-size=\"500x300\" src=\"https:\/\/dieter-impekoven.de\/Sanitaer-Heizung-Klima\/wp-content\/uploads\/2023\/05\/cropped-image.png\" title=\"cropped-image.png\" alt=\"\"> <img  decoding=\"async\" class=\"right-img shadow-large-black\" data-size=\"500x300\" src=\"https:\/\/dieter-impekoven.de\/Sanitaer-Heizung-Klima\/wp-content\/uploads\/2025\/04\/bosch_waermepumpe_compress_7400izert.jpg\" title=\"bosch_waermepumpe_compress_7400izert\" alt=\"\"><\/div> <\/div><\/div> <\/div><div  data-label=\"IhrWegzurWaermepumpe\" data-id=\"features--2\" data-export-id=\"features-16-card-bordered-mc\" data-category=\"features\" class=\"features-16-card-bordered-mc content-section content-section-spacing\" id=\"ihrwegzurwaermepumpe\" style=\"background-color: rgb(245, 250, 253);\"><div  class=\"gridContainer\"> <div  class=\"row text-center\"><div  class=\"section-title-col\" data-type=\"column\">  <h2  class=\"\">Ihr Weg zur W\u00e4rmepumpe<\/h2> <p  class=\"lead\">Von der Anfrage zur fertigen L\u00f6sung \u2013 mit Ihrem W\u00e4rmepumpenprofi.<\/p><\/div> <\/div> <div  class=\"row spaced-cols\" data-type=\"row\"> <div  class=\"col-xs-12 col-sm-6 col-md-4\"> <div  class=\"card no-padding bordered y-move\"> <img  decoding=\"async\" class=\"face\" src=\"https:\/\/dieter-impekoven.de\/Sanitaer-Heizung-Klima\/wp-content\/themes\/highlight-pro\/child\/customizer\/sections\/images\/agreement-2548139_1920.jpg\"> <div  data-type=\"column\" class=\"col-padding-small col-padding-small-xs description-container\"> <h4  class=\"font-500\">Vereinbaren Sie ein Beratungsgespr\u00e4ch mit uns<\/h4> <p  class=\"\">Wir beginnen mit einer Analyse der Gegebenheiten und Eckdaten Ihres Geb\u00e4udes, um die Machbarkeit Ihres Projekts zu pr\u00fcfen und ein ma\u00dfgeschneidertes Konzept zu erstellen. Daraufhin erhalten Sie von uns ein unverbindliches Angebot, das zus\u00e4tzlich eine Wirtschaftlichkeitsberechnung Ihrer neuen Anlage umfasst. So haben Sie alle notwendigen Informationen, um eine fundierte Entscheidung zu treffen.<\/p><\/div> <div  data-type=\"column\" class=\"col-padding-small col-padding-small-xs read-more-container\"><a  class=\"button color1\" href=\"https:\/\/dieter-impekoven.de\/Sanitaer-Heizung-Klima\/#kontakt\" target=\"_blank\" data-cp-link=\"1\" data-icon=\"fa-address-card-o\" rel=\"noopener\"><span  class=\"button-icon fa fa-address-card-o\"><\/span>Zum Kontaktformular<\/a><a  class=\"button color1\" href=\"tel:02366184480\" target=\"_self\" data-cp-link=\"1\" data-icon=\"fa-phone\" rel=\"noopener\"><span  class=\"button-icon fa fa-phone\"><\/span>02366 \/ 18 44 80<\/a><\/div> <\/div><\/div> <div  class=\"col-xs-12 col-sm-6 col-md-4\"><div  class=\"card no-padding bordered y-move\"> <img  decoding=\"async\" class=\"face\" src=\"https:\/\/dieter-impekoven.de\/Sanitaer-Heizung-Klima\/wp-content\/uploads\/2024\/08\/cropped-heizlast.jpg\" title=\"cropped-heizlast.jpg\" alt=\"\"> <div  data-type=\"column\" class=\"col-padding-small col-padding-small-xs description-container\"> <h4  class=\"font-500\">Heizlast \u2013 &amp; Heizfl\u00e4chenberechnung<\/h4> <p  class=\"\">Im zweiten Schritt f\u00fchren wir eine detaillierte Heizlastberechnung f\u00fcr Ihr Geb\u00e4ude durch. Diese Berechnung erm\u00f6glicht es uns, die Leistung Ihrer bestehenden Heizfl\u00e4chen sowie die optimale Gr\u00f6\u00dfe der neuen Anlagenteile pr\u00e4zise zu ermitteln. Falls notwendig, passen wir die Heizfl\u00e4chen an, um sicherzustellen, dass Ihre neue W\u00e4rmepumpe unter optimalen Bedingungen arbeitet und maximale Effizienz erreicht. So garantieren wir, dass Ihre Heizanlage perfekt auf Ihre individuellen Bed\u00fcrfnisse abgestimmt ist.<\/p><\/div> <div  data-type=\"column\" class=\"col-padding-small col-padding-small-xs read-more-container\"><\/div> <\/div><\/div> <div  class=\"col-xs-12 col-sm-6 col-md-4\"><div  class=\"card no-padding bordered y-move\"> <img  decoding=\"async\" class=\"face\" src=\"https:\/\/dieter-impekoven.de\/Sanitaer-Heizung-Klima\/wp-content\/uploads\/2024\/08\/cropped-handshake-8061568_1280.jpg\" title=\"cropped-handshake-8061568_1280.jpg\" alt=\"\"> <div  data-type=\"column\" class=\"col-padding-small col-padding-small-xs description-container\"> <h4  class=\"font-500\">F\u00f6rderservice &amp; Einbau<\/h4> <p  class=\"\">Gemeinsam mit unserem energieberatenden Partnerunternehmen beantragen wir die F\u00f6rderung f\u00fcr Ihr neues Heizsystem. Nach der Bewilligung durch die KfW organisieren wir zeitnah einen Termin f\u00fcr den Einbau Ihrer W\u00e4rmepumpenanlage.<br >\nUnser Service endet jedoch nicht mit dem Einbau. Nach der Installation erhalten Sie eine umfassende Einweisung in die Bedienung und Funktionen Ihrer neuen Anlage, damit Sie diese optimal nutzen k\u00f6nnen. Zus\u00e4tzlich bieten wir Ihnen einen Wartungsvertrag an, um sicherzustellen, dass Ihre Anlage stets effizient und zuverl\u00e4ssig arbeitet.<\/p><\/div> <div  data-type=\"column\" class=\"col-padding-small col-padding-small-xs read-more-container\"><\/div> <\/div><\/div> <\/div><\/div> <\/div><div  data-label=\"Funktionsweise\" data-id=\"content--1\" data-export-id=\"content-5-2\" data-category=\"content\" class=\"content-5-2 content-section content-section-spacing\" id=\"funktionsweise\" style=\"background-color: rgb(255, 255, 255); background-image: none;\"><div  class=\"gridContainer\"> <div  class=\"row text-center\"><div  class=\"section-title-col\" data-type=\"column\"> <h2  class=\"\">Wie funktioniert die W\u00e4rmepumpe ?<\/h2> <p  class=\"lead\">Seit \u00fcber 100 Jahren nehmen W\u00e4rmepumpen Energie aus der Umwelt auf \n<br >und machen diese f\u00fcr das Haus oder die Wohnung nutzbar.<br >Mit der stetigen Weiterentwicklung lohnen sich W\u00e4rmepumpen heute in nahezu allen Geb\u00e4uden.<\/p><\/div> <\/div> <div  class=\"row middle-sm\"> <div  class=\"col-sm-6 flexbox around-xs top-xs\"> <div  class=\"overlay-box flexbox middle-xs center-xs overlay-holder\"> <div  class=\"overlay-box-offset offset-background shadow-medium bg-color2 hide-xs\"><\/div> <img  decoding=\"async\" class=\"flexbox shadow-large img1\" data-size=\"485x632\" src=\"https:\/\/dieter-impekoven.de\/Sanitaer-Heizung-Klima\/wp-content\/uploads\/2024\/08\/cropped-waermepumpe.jpg\" title=\"cropped-waermepumpe.jpg\" alt=\"\"><\/div> <\/div> <div  class=\"col-sm-6 space-bottom-xs\"> <div  class=\"row space-bottom content-holder\" data-type=\"column\"> <h3  class=\"color2\">Von der Umweltenergie zum warmen Eigenheim.<\/h3> <\/div> <div  class=\"row space-bottom\" data-type=\"row\"><div  class=\"col-sm-6 space-bottom\"> <i  class=\"fa icon medium fa-thermometer-quarter color1\"><\/i> <h5  class=\"\">Funktionsweise<\/h5> <p  class=\"\">Das Funktionsprinzip einer W\u00e4rmepumpe \u2013 bzw. dem K\u00e4ltekreislauf gleicht einem K\u00fchlschrank, nur umgekehrt.<\/p><\/div> <div  class=\"col-sm-6\"><a  data-cp-link=\"1\" href=\"#\" class=\"\" target=\"_self\" rel=\"noopener\"><i  class=\"fa icon medium fa-superpowers color3\"><\/i><\/a> <h5  class=\"\">Effizient<\/h5> <p  class=\"\">Durch die kostenlose Umweltenergie sind W\u00e4rmepumpen in etwa viermal so effzient wie z.B eine Gasheizung.<\/p><\/div> <div  class=\"col-sm-6 space-bottom\"><i  class=\"fa icon medium fa-pagelines color7\"><\/i> <h5  class=\"\">Kostenlose Umweltenergie<\/h5> <p  class=\"\">Aus der Umweltenergie (z.B Luft,Erdreich oder Grundwasser) entzieht die W\u00e4rmepumpe mit dem K\u00e4ltekreislauf die W\u00e4rme und macht diese im Haus nutzbar.<\/p><\/div> <div  class=\"col-sm-6\"><a  data-cp-link=\"1\" href=\"#\" class=\"\" target=\"_self\" rel=\"noopener\"><i  class=\"fa icon medium fa-check-square-o color1\"><\/i><\/a> <h5  class=\"\">Regenerativ<\/h5> <p  class=\"\">In Verbindung mit dem Bezug von \u00d6kostrom kann eine W\u00e4rmepumpe schon heute v\u00f6llig klimaneutral das Haus beheizen.<\/p><\/div> <\/div><\/div> <\/div><\/div> <\/div><div  data-label=\"Vorteile\" data-id=\"features--1\" data-export-id=\"features-12-card\" data-category=\"features\" class=\"features-12-card content-section content-section-spacing\" id=\"vorteile\" style=\"background-color: rgb(245, 250, 253); background-image: none;\"><div  class=\"gridContainer\"> <div  class=\"row text-center\"><div  class=\"section-title-col\" data-type=\"column\"> <h2  class=\"\">Gute Gr\u00fcnde f\u00fcr die W\u00e4rmepumpe<\/h2> <\/div> <\/div> <div  class=\"row spaced-cols\" data-type=\"row\"> <div  class=\"col-sm-6\"> <div  class=\"card row-card\"> <div  class=\"row\"> <div  class=\"col-sm-fit icon-column\"> <i  class=\"fa icon fa-handshake-o bordered round color1\"><\/i> <\/div> <div  class=\"col-sm\" data-type=\"column\"> <h5  class=\"color2\"><span  style=\"color: rgb(75, 72, 255);\">Bis zu 70% staatliche F\u00f6rderung<\/span><\/h5> <p  class=\"\">Durch den Austausch Ihrer Heizungsanlage gegen eine moderne W\u00e4rmepumpe k\u00f6nnen Sie bis zu 70% der Kosten durch die KfW erstattet bekommen, sofern Sie alle verf\u00fcgbaren F\u00f6rderungen nutzen k\u00f6nnen.<\/p><a  class=\"button color1\" href=\"https:\/\/dieter-impekoven.de\/Sanitaer-Heizung-Klima\/foerderungen-zuschuesse\" target=\"_blank\" data-cp-link=\"1\" data-icon=\"\" rel=\"noopener\">Zur Seite: F\u00f6rderungen &amp; Zusch\u00fcsse<\/a><\/div> <\/div><\/div> <\/div> <div  class=\"col-sm-6\"> <div  class=\"card row-card\"> <div  class=\"row\"> <div  class=\"col-sm-fit icon-column\"> <i  class=\"fa icon fa-leaf bordered round color3\"><\/i> <\/div> <div  class=\"col-sm\" data-type=\"column\"> <h5  class=\"color2\">CO\u00b2-Emissionen reduzieren<\/h5> <p  class=\"\">Ein modernes W\u00e4rmepumpensystem bietet Ihnen eine der umweltfreundlichsten Heizl\u00f6sungen. In Kombination mit einem \u00d6kostromtarif oder einer Photovoltaikanlage k\u00f6nnen Sie nahezu klimaneutral heizen. Auch als Hybridl\u00f6sung zusammen mit einem Gas-Brennwertger\u00e4t reduziert die W\u00e4rmepumpe erheblich die CO\u2082-Emissionen.<\/p><\/div> <\/div><\/div> <\/div> <div  class=\"col-sm-6\"> <div  class=\"card row-card\"> <div  class=\"row\"> <div  class=\"col-sm-fit icon-column\"> <i  class=\"fa icon fa-euro bordered round color7\"><\/i> <\/div> <div  class=\"col-sm\" data-type=\"column\"> <h5  class=\"color2\"><span  style=\"color: rgb(255, 4, 0);\">Energie und Kosten sparen<\/span><\/h5> <p  class=\"\">Heizen und warmes Wasser geh\u00f6ren zu den gr\u00f6\u00dften Energieverbrauchern in einem Wohnhaus. Deshalb lohnt es sich, diese Energie so effizient wie m\u00f6glich zu nutzen. Mit einer Modernisierung Ihrer Heizanlage durch eine W\u00e4rmepumpe reduzieren Sie nicht nur den Energieverbrauch, sondern senken auch Ihre Kosten \u2013 und schonen gleichzeitig die Umwelt.<\/p><\/div> <\/div><\/div> <\/div> <div  class=\"col-sm-6\"> <div  class=\"card row-card\"> <div  class=\"row\"> <div  class=\"col-sm-fit icon-column\"> <i  class=\"fa icon fa-hourglass-end bordered round color1\"><\/i> <\/div> <div  class=\"col-sm\" data-type=\"column\"> <h5  class=\"color2\"><span  style=\"color: rgb(75, 72, 255);\">W\u00e4rmepumpen in Altbauten<\/span><\/h5> <p  class=\"\">Fr\u00fcher stellten Altbauten und \u00e4ltere Heizsysteme eine Herausforderung f\u00fcr die Installation von W\u00e4rmepumpen dar. Dank moderner, effizienter W\u00e4rmepumpentechnologie sind diese H\u00fcrden jedoch seit Jahren \u00fcberwunden. Heute k\u00f6nnen W\u00e4rmepumpen problemlos auch in unsanierten Altbauten mit traditionellen Heizk\u00f6rpern installiert werden.<\/p><\/div> <\/div><\/div> <\/div><\/div> <\/div><\/div><div  data-label=\"Kontakt\" data-id=\"cta--1\" data-export-id=\"cta-blue-section-mc\" data-category=\"cta\" class=\"cta-blue-section-mc content-section content-section-spacing le_cocktail white-text\" id=\"kontakt\" style=\"background-color: rgb(245, 250, 253);\"><div  class=\"gridContainer\"> <div  class=\"row middle-xs\"><div  class=\"col-sm-8 space-bottom-xs\" data-type=\"column\"> <h2  class=\"\"><span  style=\"text-decoration: underline;\">Interesse geweckt?<\/span><br >\nLassen Sie sich jetzt unverbindlich von einem zertifizierten W\u00e4rmepumpen-Profi beraten.<\/h2> <img  decoding=\"async\" class=\"custom-image\" src=\"https:\/\/dieter-impekoven.de\/Sanitaer-Heizung-Klima\/wp-content\/uploads\/2025\/04\/cropped-Zertifizierungslogo_WP_PP_378x425_mS_2025-1.jpg\" title=\"cropped-Zertifizierungslogo_WP_PP_378x425_mS_2025-1.jpg\" alt=\"\"><\/div> <div  class=\"col-sm-4 end-sm\" data-type=\"column\"> <a  class=\"button color-white\" href=\"https:\/\/dieter-impekoven.de\/Sanitaer-Heizung-Klima\/#kontakt\" target=\"_self\" data-cp-link=\"1\" data-icon=\"fa-comments-o\" rel=\"noopener\"><span  class=\"button-icon fa fa-comments-o\"><\/span>Zum Kontaktformular<\/a><\/div> <\/div><\/div> <\/div>","protected":false},"excerpt":{"rendered":"<p>Energieeffizient. Wirtschaftlich. Regenerativ. Die W\u00e4rmepumpe Die Nutzung von Umweltenergie lohnt sich auch seit vielen Jahren in Bestandsgeb\u00e4uden. Als zertifizierte W\u00e4rmepumpenprofis machen wir Sie unabh\u00e4ngig von Gas &amp; \u00d6l und finden die optimale L\u00f6sung f\u00fcr Ihr Geb\u00e4ude. Ihr Weg zur W\u00e4rmepumpe Von der Anfrage zur fertigen L\u00f6sung \u2013 mit Ihrem W\u00e4rmepumpenprofi. Vereinbaren Sie ein Beratungsgespr\u00e4ch mit&hellip; <br \/> <a class=\"read-more\" href=\"https:\/\/dieter-impekoven.de\/Sanitaer-Heizung-Klima\/mit-waermepumpentechnik-sicher-in-die-zukunft\/\">Weiterlesen<\/a><\/p>\n","protected":false},"author":1,"featured_media":1091,"parent":0,"menu_order":0,"comment_status":"closed","ping_status":"closed","template":"pro\/page-templates\/full-width-page.php","meta":{"footnotes":""},"class_list":["post-1085","page","type-page","status-publish","has-post-thumbnail","hentry"],"_links":{"self":[{"href":"https:\/\/dieter-impekoven.de\/Sanitaer-Heizung-Klima\/wp-json\/wp\/v2\/pages\/1085","targetHints":{"allow":["GET"]}}],"collection":[{"href":"https:\/\/dieter-impekoven.de\/Sanitaer-Heizung-Klima\/wp-json\/wp\/v2\/pages"}],"about":[{"href":"https:\/\/dieter-impekoven.de\/Sanitaer-Heizung-Klima\/wp-json\/wp\/v2\/types\/page"}],"author":[{"embeddable":true,"href":"https:\/\/dieter-impekoven.de\/Sanitaer-Heizung-Klima\/wp-json\/wp\/v2\/users\/1"}],"replies":[{"embeddable":true,"href":"https:\/\/dieter-impekoven.de\/Sanitaer-Heizung-Klima\/wp-json\/wp\/v2\/comments?post=1085"}],"version-history":[{"count":21,"href":"https:\/\/dieter-impekoven.de\/Sanitaer-Heizung-Klima\/wp-json\/wp\/v2\/pages\/1085\/revisions"}],"predecessor-version":[{"id":1229,"href":"https:\/\/dieter-impekoven.de\/Sanitaer-Heizung-Klima\/wp-json\/wp\/v2\/pages\/1085\/revisions\/1229"}],"wp:featuredmedia":[{"embeddable":true,"href":"https:\/\/dieter-impekoven.de\/Sanitaer-Heizung-Klima\/wp-json\/wp\/v2\/media\/1091"}],"wp:attachment":[{"href":"https:\/\/dieter-impekoven.de\/Sanitaer-Heizung-Klima\/wp-json\/wp\/v2\/media?parent=1085"}],"curies":[{"name":"wp","href":"https:\/\/api.w.org\/{rel}","templated":true}]}}